{"id":78266,"date":"2026-02-25T13:26:59","date_gmt":"2026-02-25T12:26:59","guid":{"rendered":"https:\/\/imprimeideas.es\/?post_type=product&p=78266"},"modified":"2026-02-26T18:28:09","modified_gmt":"2026-02-26T17:28:09","slug":"marcador-fonzal","status":"publish","type":"product","link":"https:\/\/imprimeideas.es\/en\/product\/marcador-fonzal\/","title":{"rendered":"Marcador Fonzal"},"content":{"rendered":"<p>Original y pr\u00e1ctico marcador fluorescente fabricado de Ca\u00f1a de trigo en acabado mate con clip en el capuch\u00f3n. La ca\u00f1a de trigo fomenta la utilizaci\u00f3n de materias primas naturales, reduciendo as\u00ed las emisiones contaminantes.<\/p>","protected":false},"excerpt":{"rendered":"<p>Original y pr\u00e1ctico marcador fluorescente fabricado de Ca\u00f1a de trigo en acabado mate con clip en el capuch\u00f3n. La ca\u00f1a<\/p>","protected":false},"featured_media":78268,"comment_status":"open","ping_status":"open","template":"","meta":{"inline_featured_image":false},"product_brand":[],"product_cat":[96],"product_tag":[],"class_list":{"0":"post-78266","1":"product","2":"type-product","3":"status-publish","4":"has-post-thumbnail","6":"product_cat-oficina-y-negocios","8":"first","9":"instock","10":"taxable","11":"shipping-taxable","12":"purchasable","13":"product-type-variable","14":"has-default-attributes"},"aioseo_notices":[],"_links":{"self":[{"href":"https:\/\/imprimeideas.es\/en\/wp-json\/wp\/v2\/product\/78266","targetHints":{"allow":["GET"]}}],"collection":[{"href":"https:\/\/imprimeideas.es\/en\/wp-json\/wp\/v2\/product"}],"about":[{"href":"https:\/\/imprimeideas.es\/en\/wp-json\/wp\/v2\/types\/product"}],"replies":[{"embeddable":true,"href":"https:\/\/imprimeideas.es\/en\/wp-json\/wp\/v2\/comments?post=78266"}],"version-history":[{"count":1,"href":"https:\/\/imprimeideas.es\/en\/wp-json\/wp\/v2\/product\/78266\/revisions"}],"predecessor-version":[{"id":78879,"href":"https:\/\/imprimeideas.es\/en\/wp-json\/wp\/v2\/product\/78266\/revisions\/78879"}],"wp:featuredmedia":[{"embeddable":true,"href":"https:\/\/imprimeideas.es\/en\/wp-json\/wp\/v2\/media\/78268"}],"wp:attachment":[{"href":"https:\/\/imprimeideas.es\/en\/wp-json\/wp\/v2\/media?parent=78266"}],"wp:term":[{"taxonomy":"product_brand","embeddable":true,"href":"https:\/\/imprimeideas.es\/en\/wp-json\/wp\/v2\/product_brand?post=78266"},{"taxonomy":"product_cat","embeddable":true,"href":"https:\/\/imprimeideas.es\/en\/wp-json\/wp\/v2\/product_cat?post=78266"},{"taxonomy":"product_tag","embeddable":true,"href":"https:\/\/imprimeideas.es\/en\/wp-json\/wp\/v2\/product_tag?post=78266"}],"curies":[{"name":"wp","href":"https:\/\/api.w.org\/{rel}","templated":true}]}}