{"id":78017,"date":"2026-02-25T13:05:48","date_gmt":"2026-02-25T12:05:48","guid":{"rendered":"https:\/\/imprimeideas.es\/?post_type=product&p=78017"},"modified":"2026-02-26T18:19:40","modified_gmt":"2026-02-26T17:19:40","slug":"sudadera-adulto-lightweight-sweat","status":"publish","type":"product","link":"https:\/\/imprimeideas.es\/en\/product\/sudadera-adulto-lightweight-sweat\/","title":{"rendered":"Sudadera Adulto Lightweight Sweat"},"content":{"rendered":"<p>Sudadera para adulto Lightweight Sweat Jacket de Fruit Of The Loom. Fabricada en felpa ligera sin cepillar, en combinaci\u00f3n de materiales 80% algod\u00f3n + 20% poli\u00e9ster de 240g\/m2. Con cierre de cremallera a juego, mangas de rangl\u00e1n y 2 bolsillos delanteros. Cintura y pu\u00f1os en algod\u00f3n\/ LYCRA. Disponible en variada gama de colores y en tallas S, M, L, XL, XXL.<\/p>","protected":false},"excerpt":{"rendered":"<p>Sudadera para adulto Lightweight Sweat Jacket de Fruit Of The Loom. Fabricada en felpa ligera sin cepillar, en combinaci\u00f3n de<\/p>","protected":false},"featured_media":78070,"comment_status":"open","ping_status":"open","template":"","meta":{"inline_featured_image":false},"product_brand":[2365],"product_cat":[116],"product_tag":[],"class_list":{"0":"post-78017","1":"product","2":"type-product","3":"status-publish","4":"has-post-thumbnail","6":"product_brand-fruit-of-the-loom","7":"product_cat-textil","9":"first","10":"outofstock","11":"taxable","12":"shipping-taxable","13":"purchasable","14":"product-type-variable","15":"has-default-attributes"},"aioseo_notices":[],"_links":{"self":[{"href":"https:\/\/imprimeideas.es\/en\/wp-json\/wp\/v2\/product\/78017","targetHints":{"allow":["GET"]}}],"collection":[{"href":"https:\/\/imprimeideas.es\/en\/wp-json\/wp\/v2\/product"}],"about":[{"href":"https:\/\/imprimeideas.es\/en\/wp-json\/wp\/v2\/types\/product"}],"replies":[{"embeddable":true,"href":"https:\/\/imprimeideas.es\/en\/wp-json\/wp\/v2\/comments?post=78017"}],"version-history":[{"count":1,"href":"https:\/\/imprimeideas.es\/en\/wp-json\/wp\/v2\/product\/78017\/revisions"}],"predecessor-version":[{"id":78967,"href":"https:\/\/imprimeideas.es\/en\/wp-json\/wp\/v2\/product\/78017\/revisions\/78967"}],"wp:featuredmedia":[{"embeddable":true,"href":"https:\/\/imprimeideas.es\/en\/wp-json\/wp\/v2\/media\/78070"}],"wp:attachment":[{"href":"https:\/\/imprimeideas.es\/en\/wp-json\/wp\/v2\/media?parent=78017"}],"wp:term":[{"taxonomy":"product_brand","embeddable":true,"href":"https:\/\/imprimeideas.es\/en\/wp-json\/wp\/v2\/product_brand?post=78017"},{"taxonomy":"product_cat","embeddable":true,"href":"https:\/\/imprimeideas.es\/en\/wp-json\/wp\/v2\/product_cat?post=78017"},{"taxonomy":"product_tag","embeddable":true,"href":"https:\/\/imprimeideas.es\/en\/wp-json\/wp\/v2\/product_tag?post=78017"}],"curies":[{"name":"wp","href":"https:\/\/api.w.org\/{rel}","templated":true}]}}