{"id":77957,"date":"2026-02-25T13:00:37","date_gmt":"2026-02-25T12:00:37","guid":{"rendered":"https:\/\/imprimeideas.es\/?post_type=product&p=77957"},"modified":"2026-02-26T18:19:10","modified_gmt":"2026-02-26T17:19:10","slug":"polo-adulto-premium-long-sleeve","status":"publish","type":"product","link":"https:\/\/imprimeideas.es\/en\/product\/polo-adulto-premium-long-sleeve\/","title":{"rendered":"Polo Adulto Premium Long Sleeve"},"content":{"rendered":"<p>Polo adulto de manga larga Premium Long Sleeve de Fruit Of The Loom. Fabricado en material 100% algod\u00f3n de 180g\/m2 de tacto suave y corte cl\u00e1sico. Con aberturas laterales para un \u00f3ptimo ajuste, tapeta de tres botones con te\u00f1ido a juego y pu\u00f1os el algod\u00f3n\/elast\u00e1n. Disponible en variada gama de colores. Tallas S, M, L, XL, XXL.<\/p>","protected":false},"excerpt":{"rendered":"<p>Polo adulto de manga larga Premium Long Sleeve de Fruit Of The Loom. Fabricado en material 100% algod\u00f3n de 180g\/m2<\/p>","protected":false},"featured_media":77994,"comment_status":"open","ping_status":"open","template":"","meta":{"inline_featured_image":false},"product_brand":[2365],"product_cat":[116],"product_tag":[],"class_list":{"0":"post-77957","1":"product","2":"type-product","3":"status-publish","4":"has-post-thumbnail","6":"product_brand-fruit-of-the-loom","7":"product_cat-textil","9":"first","10":"outofstock","11":"taxable","12":"shipping-taxable","13":"purchasable","14":"product-type-variable","15":"has-default-attributes"},"aioseo_notices":[],"_links":{"self":[{"href":"https:\/\/imprimeideas.es\/en\/wp-json\/wp\/v2\/product\/77957","targetHints":{"allow":["GET"]}}],"collection":[{"href":"https:\/\/imprimeideas.es\/en\/wp-json\/wp\/v2\/product"}],"about":[{"href":"https:\/\/imprimeideas.es\/en\/wp-json\/wp\/v2\/types\/product"}],"replies":[{"embeddable":true,"href":"https:\/\/imprimeideas.es\/en\/wp-json\/wp\/v2\/comments?post=77957"}],"version-history":[{"count":1,"href":"https:\/\/imprimeideas.es\/en\/wp-json\/wp\/v2\/product\/77957\/revisions"}],"predecessor-version":[{"id":78742,"href":"https:\/\/imprimeideas.es\/en\/wp-json\/wp\/v2\/product\/77957\/revisions\/78742"}],"wp:featuredmedia":[{"embeddable":true,"href":"https:\/\/imprimeideas.es\/en\/wp-json\/wp\/v2\/media\/77994"}],"wp:attachment":[{"href":"https:\/\/imprimeideas.es\/en\/wp-json\/wp\/v2\/media?parent=77957"}],"wp:term":[{"taxonomy":"product_brand","embeddable":true,"href":"https:\/\/imprimeideas.es\/en\/wp-json\/wp\/v2\/product_brand?post=77957"},{"taxonomy":"product_cat","embeddable":true,"href":"https:\/\/imprimeideas.es\/en\/wp-json\/wp\/v2\/product_cat?post=77957"},{"taxonomy":"product_tag","embeddable":true,"href":"https:\/\/imprimeideas.es\/en\/wp-json\/wp\/v2\/product_tag?post=77957"}],"curies":[{"name":"wp","href":"https:\/\/api.w.org\/{rel}","templated":true}]}}