{"id":77936,"date":"2026-02-25T13:00:29","date_gmt":"2026-02-25T12:00:29","guid":{"rendered":"https:\/\/imprimeideas.es\/?post_type=product&p=77936"},"modified":"2026-02-26T18:03:06","modified_gmt":"2026-02-26T17:03:06","slug":"sudadera-nino-classic-set-in-sweat","status":"publish","type":"product","link":"https:\/\/imprimeideas.es\/en\/product\/sudadera-nino-classic-set-in-sweat\/","title":{"rendered":"Sudadera Ni\u00f1o Classic Set-In Sweat"},"content":{"rendered":"<p>Sudadera para ni\u00f1o Classic Set-In Sweat de Fruit Of The Loom. Fabricada en combinaci\u00f3n de materiales 80% algod\u00f3n + 20% poli\u00e9ster de 280g\/m2. Con tapeta de hombro a hombro en punto liso y cuello, cintura y pu\u00f1os en algod\u00f3n\/ LYCRA. Con etiqueta f\u00e1cilmente removible y disponible en variada gama de colores. Tallas 3-4, 5-6, 7-8, 9-11, 12-13, 14-15.<\/p>","protected":false},"excerpt":{"rendered":"<p>Sudadera para ni\u00f1o Classic Set-In Sweat de Fruit Of The Loom. Fabricada en combinaci\u00f3n de materiales 80% algod\u00f3n + 20%<\/p>","protected":false},"featured_media":84353,"comment_status":"open","ping_status":"open","template":"","meta":{"inline_featured_image":false},"product_brand":[2365],"product_cat":[116],"product_tag":[],"class_list":{"0":"post-77936","1":"product","2":"type-product","3":"status-publish","4":"has-post-thumbnail","6":"product_brand-fruit-of-the-loom","7":"product_cat-textil","9":"first","10":"instock","11":"taxable","12":"shipping-taxable","13":"purchasable","14":"product-type-variable","15":"has-default-attributes"},"aioseo_notices":[],"_links":{"self":[{"href":"https:\/\/imprimeideas.es\/en\/wp-json\/wp\/v2\/product\/77936","targetHints":{"allow":["GET"]}}],"collection":[{"href":"https:\/\/imprimeideas.es\/en\/wp-json\/wp\/v2\/product"}],"about":[{"href":"https:\/\/imprimeideas.es\/en\/wp-json\/wp\/v2\/types\/product"}],"replies":[{"embeddable":true,"href":"https:\/\/imprimeideas.es\/en\/wp-json\/wp\/v2\/comments?post=77936"}],"version-history":[{"count":1,"href":"https:\/\/imprimeideas.es\/en\/wp-json\/wp\/v2\/product\/77936\/revisions"}],"predecessor-version":[{"id":78747,"href":"https:\/\/imprimeideas.es\/en\/wp-json\/wp\/v2\/product\/77936\/revisions\/78747"}],"wp:featuredmedia":[{"embeddable":true,"href":"https:\/\/imprimeideas.es\/en\/wp-json\/wp\/v2\/media\/84353"}],"wp:attachment":[{"href":"https:\/\/imprimeideas.es\/en\/wp-json\/wp\/v2\/media?parent=77936"}],"wp:term":[{"taxonomy":"product_brand","embeddable":true,"href":"https:\/\/imprimeideas.es\/en\/wp-json\/wp\/v2\/product_brand?post=77936"},{"taxonomy":"product_cat","embeddable":true,"href":"https:\/\/imprimeideas.es\/en\/wp-json\/wp\/v2\/product_cat?post=77936"},{"taxonomy":"product_tag","embeddable":true,"href":"https:\/\/imprimeideas.es\/en\/wp-json\/wp\/v2\/product_tag?post=77936"}],"curies":[{"name":"wp","href":"https:\/\/api.w.org\/{rel}","templated":true}]}}