{"id":77916,"date":"2026-02-25T13:00:05","date_gmt":"2026-02-25T12:00:05","guid":{"rendered":"https:\/\/imprimeideas.es\/?post_type=product&p=77916"},"modified":"2026-02-26T18:27:52","modified_gmt":"2026-02-26T17:27:52","slug":"sudadera-adulto-lightweight-hooded-s","status":"publish","type":"product","link":"https:\/\/imprimeideas.es\/en\/product\/sudadera-adulto-lightweight-hooded-s\/","title":{"rendered":"Sudadera Adulto Lightweight Hooded S"},"content":{"rendered":"<p>Sudadera para adulto Lightweight Hooded Sweat de Fruit Of The Loom con capucha y cord\u00f3n plano de ajuste a juego. Fabricada en felpa ligera sin cepillar, en combinaci\u00f3n de materiales 80% algod\u00f3n + 20% poli\u00e9ster de 240g\/m2. Con manga ragl\u00e1n. Bolsillo frontal tipo canguro, con cintura y pu\u00f1os en algod\u00f3n\/ LYCRA. Disponible en variada gama de colores y en tallas S, M, L, XL, XXL.<\/p>","protected":false},"excerpt":{"rendered":"<p>Sudadera para adulto Lightweight Hooded Sweat de Fruit Of The Loom con capucha y cord\u00f3n plano de ajuste a juego.<\/p>","protected":false},"featured_media":78009,"comment_status":"open","ping_status":"open","template":"","meta":{"inline_featured_image":false},"product_brand":[2365],"product_cat":[116],"product_tag":[],"class_list":{"0":"post-77916","1":"product","2":"type-product","3":"status-publish","4":"has-post-thumbnail","6":"product_brand-fruit-of-the-loom","7":"product_cat-textil","9":"first","10":"instock","11":"taxable","12":"shipping-taxable","13":"purchasable","14":"product-type-variable","15":"has-default-attributes"},"aioseo_notices":[],"_links":{"self":[{"href":"https:\/\/imprimeideas.es\/en\/wp-json\/wp\/v2\/product\/77916","targetHints":{"allow":["GET"]}}],"collection":[{"href":"https:\/\/imprimeideas.es\/en\/wp-json\/wp\/v2\/product"}],"about":[{"href":"https:\/\/imprimeideas.es\/en\/wp-json\/wp\/v2\/types\/product"}],"replies":[{"embeddable":true,"href":"https:\/\/imprimeideas.es\/en\/wp-json\/wp\/v2\/comments?post=77916"}],"version-history":[{"count":1,"href":"https:\/\/imprimeideas.es\/en\/wp-json\/wp\/v2\/product\/77916\/revisions"}],"predecessor-version":[{"id":78740,"href":"https:\/\/imprimeideas.es\/en\/wp-json\/wp\/v2\/product\/77916\/revisions\/78740"}],"wp:featuredmedia":[{"embeddable":true,"href":"https:\/\/imprimeideas.es\/en\/wp-json\/wp\/v2\/media\/78009"}],"wp:attachment":[{"href":"https:\/\/imprimeideas.es\/en\/wp-json\/wp\/v2\/media?parent=77916"}],"wp:term":[{"taxonomy":"product_brand","embeddable":true,"href":"https:\/\/imprimeideas.es\/en\/wp-json\/wp\/v2\/product_brand?post=77916"},{"taxonomy":"product_cat","embeddable":true,"href":"https:\/\/imprimeideas.es\/en\/wp-json\/wp\/v2\/product_cat?post=77916"},{"taxonomy":"product_tag","embeddable":true,"href":"https:\/\/imprimeideas.es\/en\/wp-json\/wp\/v2\/product_tag?post=77916"}],"curies":[{"name":"wp","href":"https:\/\/api.w.org\/{rel}","templated":true}]}}