{"id":77878,"date":"2026-02-25T12:56:36","date_gmt":"2026-02-25T11:56:36","guid":{"rendered":"https:\/\/imprimeideas.es\/?post_type=product&p=77878"},"modified":"2026-02-26T18:42:25","modified_gmt":"2026-02-26T17:42:25","slug":"camiseta-adulto-color-original-t","status":"publish","type":"product","link":"https:\/\/imprimeideas.es\/en\/product\/camiseta-adulto-color-original-t\/","title":{"rendered":"Camiseta Adulto Color Original T"},"content":{"rendered":"<p>Camiseta para adulto color Original T de Fruit Of The Loom. Fabricada en material 100% algod\u00f3n de 145g\/m2. De tacto suave, con cuello redondo ribeteado y tapeta a juego. Con malla m\u00e1s cerrada para optimizar la calidad de impresi\u00f3n y disponible en complet\u00edsima gama de colores. Tallas S, M, L, XL, XXL.<\/p>","protected":false},"excerpt":{"rendered":"<p>Camiseta para adulto color Original T de Fruit Of The Loom. Fabricada en material 100% algod\u00f3n de 145g\/m2. De tacto<\/p>","protected":false},"featured_media":82150,"comment_status":"open","ping_status":"open","template":"","meta":{"inline_featured_image":false},"product_brand":[2365],"product_cat":[116],"product_tag":[],"class_list":{"0":"post-77878","1":"product","2":"type-product","3":"status-publish","4":"has-post-thumbnail","6":"product_brand-fruit-of-the-loom","7":"product_cat-textil","9":"first","10":"outofstock","11":"taxable","12":"shipping-taxable","13":"purchasable","14":"product-type-variable","15":"has-default-attributes"},"aioseo_notices":[],"_links":{"self":[{"href":"https:\/\/imprimeideas.es\/en\/wp-json\/wp\/v2\/product\/77878","targetHints":{"allow":["GET"]}}],"collection":[{"href":"https:\/\/imprimeideas.es\/en\/wp-json\/wp\/v2\/product"}],"about":[{"href":"https:\/\/imprimeideas.es\/en\/wp-json\/wp\/v2\/types\/product"}],"replies":[{"embeddable":true,"href":"https:\/\/imprimeideas.es\/en\/wp-json\/wp\/v2\/comments?post=77878"}],"version-history":[{"count":1,"href":"https:\/\/imprimeideas.es\/en\/wp-json\/wp\/v2\/product\/77878\/revisions"}],"predecessor-version":[{"id":78738,"href":"https:\/\/imprimeideas.es\/en\/wp-json\/wp\/v2\/product\/77878\/revisions\/78738"}],"wp:featuredmedia":[{"embeddable":true,"href":"https:\/\/imprimeideas.es\/en\/wp-json\/wp\/v2\/media\/82150"}],"wp:attachment":[{"href":"https:\/\/imprimeideas.es\/en\/wp-json\/wp\/v2\/media?parent=77878"}],"wp:term":[{"taxonomy":"product_brand","embeddable":true,"href":"https:\/\/imprimeideas.es\/en\/wp-json\/wp\/v2\/product_brand?post=77878"},{"taxonomy":"product_cat","embeddable":true,"href":"https:\/\/imprimeideas.es\/en\/wp-json\/wp\/v2\/product_cat?post=77878"},{"taxonomy":"product_tag","embeddable":true,"href":"https:\/\/imprimeideas.es\/en\/wp-json\/wp\/v2\/product_tag?post=77878"}],"curies":[{"name":"wp","href":"https:\/\/api.w.org\/{rel}","templated":true}]}}