{"id":77872,"date":"2026-02-25T12:56:34","date_gmt":"2026-02-25T11:56:34","guid":{"rendered":"https:\/\/imprimeideas.es\/?post_type=product&p=77872"},"modified":"2026-02-26T18:19:26","modified_gmt":"2026-02-26T17:19:26","slug":"polo-adulto-color-original","status":"publish","type":"product","link":"https:\/\/imprimeideas.es\/en\/product\/polo-adulto-color-original\/","title":{"rendered":"Polo Adulto Color Original"},"content":{"rendered":"<p>Polo adulto color Original de Fruit Of The Loom. Fabricado en material 100% algod\u00f3n piqu\u00e9 de 185g\/m2 de tacto suave y corte cl\u00e1sico. Con costuras laterales para un \u00f3ptimo ajuste y tapeta de dos botones reforzado con te\u00f1ido a juego. Etiqueta f\u00e1cilmente removible y disponible en variada gama de colores. Tallas S, M, L, XL, XXL.<\/p>","protected":false},"excerpt":{"rendered":"<p>Polo adulto color Original de Fruit Of The Loom. Fabricado en material 100% algod\u00f3n piqu\u00e9 de 185g\/m2 de tacto suave<\/p>","protected":false},"featured_media":77929,"comment_status":"open","ping_status":"open","template":"","meta":{"inline_featured_image":false},"product_brand":[2365],"product_cat":[116],"product_tag":[],"class_list":{"0":"post-77872","1":"product","2":"type-product","3":"status-publish","4":"has-post-thumbnail","6":"product_brand-fruit-of-the-loom","7":"product_cat-textil","9":"first","10":"outofstock","11":"taxable","12":"shipping-taxable","13":"purchasable","14":"product-type-variable","15":"has-default-attributes"},"aioseo_notices":[],"_links":{"self":[{"href":"https:\/\/imprimeideas.es\/en\/wp-json\/wp\/v2\/product\/77872","targetHints":{"allow":["GET"]}}],"collection":[{"href":"https:\/\/imprimeideas.es\/en\/wp-json\/wp\/v2\/product"}],"about":[{"href":"https:\/\/imprimeideas.es\/en\/wp-json\/wp\/v2\/types\/product"}],"replies":[{"embeddable":true,"href":"https:\/\/imprimeideas.es\/en\/wp-json\/wp\/v2\/comments?post=77872"}],"version-history":[{"count":1,"href":"https:\/\/imprimeideas.es\/en\/wp-json\/wp\/v2\/product\/77872\/revisions"}],"predecessor-version":[{"id":78736,"href":"https:\/\/imprimeideas.es\/en\/wp-json\/wp\/v2\/product\/77872\/revisions\/78736"}],"wp:featuredmedia":[{"embeddable":true,"href":"https:\/\/imprimeideas.es\/en\/wp-json\/wp\/v2\/media\/77929"}],"wp:attachment":[{"href":"https:\/\/imprimeideas.es\/en\/wp-json\/wp\/v2\/media?parent=77872"}],"wp:term":[{"taxonomy":"product_brand","embeddable":true,"href":"https:\/\/imprimeideas.es\/en\/wp-json\/wp\/v2\/product_brand?post=77872"},{"taxonomy":"product_cat","embeddable":true,"href":"https:\/\/imprimeideas.es\/en\/wp-json\/wp\/v2\/product_cat?post=77872"},{"taxonomy":"product_tag","embeddable":true,"href":"https:\/\/imprimeideas.es\/en\/wp-json\/wp\/v2\/product_tag?post=77872"}],"curies":[{"name":"wp","href":"https:\/\/api.w.org\/{rel}","templated":true}]}}