{"id":77870,"date":"2026-02-25T12:56:34","date_gmt":"2026-02-25T11:56:34","guid":{"rendered":"https:\/\/imprimeideas.es\/?post_type=product&p=77870"},"modified":"2026-02-26T18:32:51","modified_gmt":"2026-02-26T17:32:51","slug":"camiseta-adulto-color-iconic-long-sleeve-t","status":"publish","type":"product","link":"https:\/\/imprimeideas.es\/en\/product\/camiseta-adulto-color-iconic-long-sleeve-t\/","title":{"rendered":"Camiseta Adulto Color Iconic Long Sleeve T"},"content":{"rendered":"<p>Camiseta adulto color Iconic Long Sleeve de Fruit Of The Loom. Manga larga, fabricada en material 100% algod\u00f3n peinado Ring Spun de 150g\/m2. De tacto suave y corte cl\u00e1sico, con cuello redondo estrecho de canal\u00e9 1&#215;1 y tapeta a juego. Etiqueta f\u00e1cilmente removible y disponible en variada gama de colores. Tallas S, M, L, XL, XXL.<\/p>","protected":false},"excerpt":{"rendered":"<p>Camiseta adulto color Iconic Long Sleeve de Fruit Of The Loom. Manga larga, fabricada en material 100% algod\u00f3n peinado Ring<\/p>","protected":false},"featured_media":77968,"comment_status":"open","ping_status":"open","template":"","meta":{"inline_featured_image":false},"product_brand":[2365],"product_cat":[116],"product_tag":[],"class_list":{"0":"post-77870","1":"product","2":"type-product","3":"status-publish","4":"has-post-thumbnail","6":"product_brand-fruit-of-the-loom","7":"product_cat-textil","9":"first","10":"outofstock","11":"taxable","12":"shipping-taxable","13":"purchasable","14":"product-type-variable","15":"has-default-attributes"},"aioseo_notices":[],"_links":{"self":[{"href":"https:\/\/imprimeideas.es\/en\/wp-json\/wp\/v2\/product\/77870","targetHints":{"allow":["GET"]}}],"collection":[{"href":"https:\/\/imprimeideas.es\/en\/wp-json\/wp\/v2\/product"}],"about":[{"href":"https:\/\/imprimeideas.es\/en\/wp-json\/wp\/v2\/types\/product"}],"replies":[{"embeddable":true,"href":"https:\/\/imprimeideas.es\/en\/wp-json\/wp\/v2\/comments?post=77870"}],"version-history":[{"count":1,"href":"https:\/\/imprimeideas.es\/en\/wp-json\/wp\/v2\/product\/77870\/revisions"}],"predecessor-version":[{"id":78735,"href":"https:\/\/imprimeideas.es\/en\/wp-json\/wp\/v2\/product\/77870\/revisions\/78735"}],"wp:featuredmedia":[{"embeddable":true,"href":"https:\/\/imprimeideas.es\/en\/wp-json\/wp\/v2\/media\/77968"}],"wp:attachment":[{"href":"https:\/\/imprimeideas.es\/en\/wp-json\/wp\/v2\/media?parent=77870"}],"wp:term":[{"taxonomy":"product_brand","embeddable":true,"href":"https:\/\/imprimeideas.es\/en\/wp-json\/wp\/v2\/product_brand?post=77870"},{"taxonomy":"product_cat","embeddable":true,"href":"https:\/\/imprimeideas.es\/en\/wp-json\/wp\/v2\/product_cat?post=77870"},{"taxonomy":"product_tag","embeddable":true,"href":"https:\/\/imprimeideas.es\/en\/wp-json\/wp\/v2\/product_tag?post=77870"}],"curies":[{"name":"wp","href":"https:\/\/api.w.org\/{rel}","templated":true}]}}