{"id":77846,"date":"2026-02-25T12:56:29","date_gmt":"2026-02-25T11:56:29","guid":{"rendered":"https:\/\/imprimeideas.es\/?post_type=product&p=77846"},"modified":"2026-02-26T18:13:38","modified_gmt":"2026-02-26T17:13:38","slug":"camiseta-adulto-blanca-iconic-long-sleeve-t","status":"publish","type":"product","link":"https:\/\/imprimeideas.es\/en\/product\/camiseta-adulto-blanca-iconic-long-sleeve-t\/","title":{"rendered":"Camiseta Adulto Blanca Iconic Long Sleeve T"},"content":{"rendered":"<p>Camiseta adulto blanca Iconic Long Sleeve de Fruit Of The Loom. Manga larga, fabricada en material 100% algod\u00f3n peinado Ring Spun de 140g\/m2. De tacto suave y corte cl\u00e1sico, con cuello redondo estrecho de canal\u00e9 1&#215;1 y tapeta a juego. Etiqueta f\u00e1cilmente removible y disponible en tallas S, M, L, XL, XXL.<\/p>","protected":false},"excerpt":{"rendered":"<p>Camiseta adulto blanca Iconic Long Sleeve de Fruit Of The Loom. Manga larga, fabricada en material 100% algod\u00f3n peinado Ring<\/p>","protected":false},"featured_media":77984,"comment_status":"open","ping_status":"open","template":"","meta":{"inline_featured_image":false},"product_brand":[2365],"product_cat":[116],"product_tag":[],"class_list":{"0":"post-77846","1":"product","2":"type-product","3":"status-publish","4":"has-post-thumbnail","6":"product_brand-fruit-of-the-loom","7":"product_cat-textil","9":"first","10":"outofstock","11":"taxable","12":"shipping-taxable","13":"purchasable","14":"product-type-variable","15":"has-default-attributes"},"aioseo_notices":[],"_links":{"self":[{"href":"https:\/\/imprimeideas.es\/en\/wp-json\/wp\/v2\/product\/77846","targetHints":{"allow":["GET"]}}],"collection":[{"href":"https:\/\/imprimeideas.es\/en\/wp-json\/wp\/v2\/product"}],"about":[{"href":"https:\/\/imprimeideas.es\/en\/wp-json\/wp\/v2\/types\/product"}],"replies":[{"embeddable":true,"href":"https:\/\/imprimeideas.es\/en\/wp-json\/wp\/v2\/comments?post=77846"}],"version-history":[{"count":1,"href":"https:\/\/imprimeideas.es\/en\/wp-json\/wp\/v2\/product\/77846\/revisions"}],"predecessor-version":[{"id":78730,"href":"https:\/\/imprimeideas.es\/en\/wp-json\/wp\/v2\/product\/77846\/revisions\/78730"}],"wp:featuredmedia":[{"embeddable":true,"href":"https:\/\/imprimeideas.es\/en\/wp-json\/wp\/v2\/media\/77984"}],"wp:attachment":[{"href":"https:\/\/imprimeideas.es\/en\/wp-json\/wp\/v2\/media?parent=77846"}],"wp:term":[{"taxonomy":"product_brand","embeddable":true,"href":"https:\/\/imprimeideas.es\/en\/wp-json\/wp\/v2\/product_brand?post=77846"},{"taxonomy":"product_cat","embeddable":true,"href":"https:\/\/imprimeideas.es\/en\/wp-json\/wp\/v2\/product_cat?post=77846"},{"taxonomy":"product_tag","embeddable":true,"href":"https:\/\/imprimeideas.es\/en\/wp-json\/wp\/v2\/product_tag?post=77846"}],"curies":[{"name":"wp","href":"https:\/\/api.w.org\/{rel}","templated":true}]}}