{"id":77840,"date":"2026-02-25T12:56:27","date_gmt":"2026-02-25T11:56:27","guid":{"rendered":"https:\/\/imprimeideas.es\/?post_type=product&p=77840"},"modified":"2026-02-26T18:23:12","modified_gmt":"2026-02-26T17:23:12","slug":"camiseta-nino-blanca-iconic","status":"publish","type":"product","link":"https:\/\/imprimeideas.es\/en\/product\/camiseta-nino-blanca-iconic\/","title":{"rendered":"Camiseta Ni\u00f1o Blanca Iconic"},"content":{"rendered":"<p>Camiseta para ni\u00f1o blanca Iconic de Fruit Of The Loom. Fabricada en material 100% algod\u00f3n peinado Ring Spun de 140g\/m2. De tacto suave y corte cl\u00e1sico, con cuello redondo estrecho de canal\u00e9 1&#215;1 y tapeta a juego. Etiqueta f\u00e1cilmente removible y disponible en tallas 3-4, 5-6, 7-8, 9-11, 12-13, 14-15.<\/p>","protected":false},"excerpt":{"rendered":"<p>Camiseta para ni\u00f1o blanca Iconic de Fruit Of The Loom. Fabricada en material 100% algod\u00f3n peinado Ring Spun de 140g\/m2.<\/p>","protected":false},"featured_media":78014,"comment_status":"open","ping_status":"open","template":"","meta":{"inline_featured_image":false},"product_brand":[2365],"product_cat":[116],"product_tag":[],"class_list":{"0":"post-77840","1":"product","2":"type-product","3":"status-publish","4":"has-post-thumbnail","6":"product_brand-fruit-of-the-loom","7":"product_cat-textil","9":"first","10":"outofstock","11":"taxable","12":"shipping-taxable","13":"purchasable","14":"product-type-variable","15":"has-default-attributes"},"aioseo_notices":[],"_links":{"self":[{"href":"https:\/\/imprimeideas.es\/en\/wp-json\/wp\/v2\/product\/77840","targetHints":{"allow":["GET"]}}],"collection":[{"href":"https:\/\/imprimeideas.es\/en\/wp-json\/wp\/v2\/product"}],"about":[{"href":"https:\/\/imprimeideas.es\/en\/wp-json\/wp\/v2\/types\/product"}],"replies":[{"embeddable":true,"href":"https:\/\/imprimeideas.es\/en\/wp-json\/wp\/v2\/comments?post=77840"}],"version-history":[{"count":1,"href":"https:\/\/imprimeideas.es\/en\/wp-json\/wp\/v2\/product\/77840\/revisions"}],"predecessor-version":[{"id":78728,"href":"https:\/\/imprimeideas.es\/en\/wp-json\/wp\/v2\/product\/77840\/revisions\/78728"}],"wp:featuredmedia":[{"embeddable":true,"href":"https:\/\/imprimeideas.es\/en\/wp-json\/wp\/v2\/media\/78014"}],"wp:attachment":[{"href":"https:\/\/imprimeideas.es\/en\/wp-json\/wp\/v2\/media?parent=77840"}],"wp:term":[{"taxonomy":"product_brand","embeddable":true,"href":"https:\/\/imprimeideas.es\/en\/wp-json\/wp\/v2\/product_brand?post=77840"},{"taxonomy":"product_cat","embeddable":true,"href":"https:\/\/imprimeideas.es\/en\/wp-json\/wp\/v2\/product_cat?post=77840"},{"taxonomy":"product_tag","embeddable":true,"href":"https:\/\/imprimeideas.es\/en\/wp-json\/wp\/v2\/product_tag?post=77840"}],"curies":[{"name":"wp","href":"https:\/\/api.w.org\/{rel}","templated":true}]}}