{"id":77618,"date":"2026-02-25T12:40:08","date_gmt":"2026-02-25T11:40:08","guid":{"rendered":"https:\/\/imprimeideas.es\/?post_type=product&p=77618"},"modified":"2026-02-26T18:37:27","modified_gmt":"2026-02-26T17:37:27","slug":"polo-mujer-65-35","status":"publish","type":"product","link":"https:\/\/imprimeideas.es\/en\/product\/polo-mujer-65-35\/","title":{"rendered":"Polo Mujer 65\/ 35"},"content":{"rendered":"<p>Polo para mujer 65\/35 de Fruit of the Loom en combinaci\u00f3n de materiales algod\u00f3n y poli\u00e9ster de 180g\/m2. Disponible en tallas XS, S, M, L.<\/p>","protected":false},"excerpt":{"rendered":"<p>Polo para mujer 65\/35 de Fruit of the Loom en combinaci\u00f3n de materiales algod\u00f3n y poli\u00e9ster de 180g\/m2. Disponible en<\/p>","protected":false},"featured_media":77687,"comment_status":"open","ping_status":"open","template":"","meta":{"inline_featured_image":false},"product_brand":[2365],"product_cat":[128],"product_tag":[],"class_list":{"0":"post-77618","1":"product","2":"type-product","3":"status-publish","4":"has-post-thumbnail","6":"product_brand-fruit-of-the-loom","7":"product_cat-outlet","9":"first","10":"outofstock","11":"taxable","12":"shipping-taxable","13":"purchasable","14":"product-type-variable","15":"has-default-attributes"},"aioseo_notices":[],"_links":{"self":[{"href":"https:\/\/imprimeideas.es\/en\/wp-json\/wp\/v2\/product\/77618","targetHints":{"allow":["GET"]}}],"collection":[{"href":"https:\/\/imprimeideas.es\/en\/wp-json\/wp\/v2\/product"}],"about":[{"href":"https:\/\/imprimeideas.es\/en\/wp-json\/wp\/v2\/types\/product"}],"replies":[{"embeddable":true,"href":"https:\/\/imprimeideas.es\/en\/wp-json\/wp\/v2\/comments?post=77618"}],"version-history":[{"count":1,"href":"https:\/\/imprimeideas.es\/en\/wp-json\/wp\/v2\/product\/77618\/revisions"}],"predecessor-version":[{"id":78909,"href":"https:\/\/imprimeideas.es\/en\/wp-json\/wp\/v2\/product\/77618\/revisions\/78909"}],"wp:featuredmedia":[{"embeddable":true,"href":"https:\/\/imprimeideas.es\/en\/wp-json\/wp\/v2\/media\/77687"}],"wp:attachment":[{"href":"https:\/\/imprimeideas.es\/en\/wp-json\/wp\/v2\/media?parent=77618"}],"wp:term":[{"taxonomy":"product_brand","embeddable":true,"href":"https:\/\/imprimeideas.es\/en\/wp-json\/wp\/v2\/product_brand?post=77618"},{"taxonomy":"product_cat","embeddable":true,"href":"https:\/\/imprimeideas.es\/en\/wp-json\/wp\/v2\/product_cat?post=77618"},{"taxonomy":"product_tag","embeddable":true,"href":"https:\/\/imprimeideas.es\/en\/wp-json\/wp\/v2\/product_tag?post=77618"}],"curies":[{"name":"wp","href":"https:\/\/api.w.org\/{rel}","templated":true}]}}