{"id":68555,"date":"2026-02-24T21:01:27","date_gmt":"2026-02-24T20:01:27","guid":{"rendered":"https:\/\/imprimeideas.es\/producto\/polo-de-manga-corta-4\/"},"modified":"2026-02-24T21:02:20","modified_gmt":"2026-02-24T20:02:20","slug":"polo-de-manga-corta-4","status":"publish","type":"product","link":"https:\/\/imprimeideas.es\/en\/product\/polo-de-manga-corta-4\/","title":{"rendered":"POLO DE MANGA CORTA"},"content":{"rendered":"<p>Polo combinado en micropiqu\u00e9 de manga corta con detalles reflectantes. Cuello cl\u00e1sico con tapeta de dos botones y cubrecosturas interior. Un bolso de pecho de ojal. Cuello en punto canal\u00e9.<\/p>","protected":false},"excerpt":{"rendered":"<p>WF2850 &#8211; POLO DE MANGA CORTA<\/p>","protected":false},"featured_media":68558,"comment_status":"closed","ping_status":"open","template":"","meta":{"inline_featured_image":false},"product_brand":[],"product_cat":[2363],"product_tag":[],"class_list":{"0":"post-68555","1":"product","2":"type-product","3":"status-publish","4":"has-post-thumbnail","6":"product_cat-industriapolo-industria","7":"pa_color-grisnegro","8":"pa_color-marinoazafata","9":"pa_color-negrorojo","11":"first","12":"instock","13":"purchasable","14":"product-type-variable"},"aioseo_notices":[],"_links":{"self":[{"href":"https:\/\/imprimeideas.es\/en\/wp-json\/wp\/v2\/product\/68555","targetHints":{"allow":["GET"]}}],"collection":[{"href":"https:\/\/imprimeideas.es\/en\/wp-json\/wp\/v2\/product"}],"about":[{"href":"https:\/\/imprimeideas.es\/en\/wp-json\/wp\/v2\/types\/product"}],"replies":[{"embeddable":true,"href":"https:\/\/imprimeideas.es\/en\/wp-json\/wp\/v2\/comments?post=68555"}],"version-history":[{"count":1,"href":"https:\/\/imprimeideas.es\/en\/wp-json\/wp\/v2\/product\/68555\/revisions"}],"predecessor-version":[{"id":68556,"href":"https:\/\/imprimeideas.es\/en\/wp-json\/wp\/v2\/product\/68555\/revisions\/68556"}],"wp:featuredmedia":[{"embeddable":true,"href":"https:\/\/imprimeideas.es\/en\/wp-json\/wp\/v2\/media\/68558"}],"wp:attachment":[{"href":"https:\/\/imprimeideas.es\/en\/wp-json\/wp\/v2\/media?parent=68555"}],"wp:term":[{"taxonomy":"product_brand","embeddable":true,"href":"https:\/\/imprimeideas.es\/en\/wp-json\/wp\/v2\/product_brand?post=68555"},{"taxonomy":"product_cat","embeddable":true,"href":"https:\/\/imprimeideas.es\/en\/wp-json\/wp\/v2\/product_cat?post=68555"},{"taxonomy":"product_tag","embeddable":true,"href":"https:\/\/imprimeideas.es\/en\/wp-json\/wp\/v2\/product_tag?post=68555"}],"curies":[{"name":"wp","href":"https:\/\/api.w.org\/{rel}","templated":true}]}}