{"id":68465,"date":"2026-02-24T20:59:17","date_gmt":"2026-02-24T19:59:17","guid":{"rendered":"https:\/\/imprimeideas.es\/producto\/pantalon-multibolsillo-10\/"},"modified":"2026-02-24T21:00:23","modified_gmt":"2026-02-24T20:00:23","slug":"pantalon-multibolsillo-10","status":"publish","type":"product","link":"https:\/\/imprimeideas.es\/en\/product\/pantalon-multibolsillo-10\/","title":{"rendered":"PANTALON MULTIBOLSILLO"},"content":{"rendered":"<p>Pantal\u00f3n de tejido el\u00e1stico combinado. Dos bolsos de abertura inclinada en los costados y dos bolsos laterales de plast\u00f3n y cartera de velcro. Dos bolsos traseros de plast\u00f3n interiores y cartera de velcro. Refuerzo en culera. El\u00e1stico en los laterales de la cintura. Trabillas. Detalles reflectantes. Cierre de bot\u00f3n met\u00e1lico y bragueta de cremallera.<\/p>","protected":false},"excerpt":{"rendered":"<p>WF2855 &#8211; PANTALON MULTIBOLSILLO<\/p>","protected":false},"featured_media":68468,"comment_status":"closed","ping_status":"open","template":"","meta":{"inline_featured_image":false},"product_brand":[],"product_cat":[2216],"product_tag":[],"class_list":{"0":"post-68465","1":"product","2":"type-product","3":"status-publish","4":"has-post-thumbnail","6":"product_cat-industriapantalon-industria","7":"pa_color-grisnegro","8":"pa_color-marinoazafata","9":"pa_color-negrorojo","11":"first","12":"instock","13":"purchasable","14":"product-type-variable"},"aioseo_notices":[],"_links":{"self":[{"href":"https:\/\/imprimeideas.es\/en\/wp-json\/wp\/v2\/product\/68465","targetHints":{"allow":["GET"]}}],"collection":[{"href":"https:\/\/imprimeideas.es\/en\/wp-json\/wp\/v2\/product"}],"about":[{"href":"https:\/\/imprimeideas.es\/en\/wp-json\/wp\/v2\/types\/product"}],"replies":[{"embeddable":true,"href":"https:\/\/imprimeideas.es\/en\/wp-json\/wp\/v2\/comments?post=68465"}],"version-history":[{"count":1,"href":"https:\/\/imprimeideas.es\/en\/wp-json\/wp\/v2\/product\/68465\/revisions"}],"predecessor-version":[{"id":68466,"href":"https:\/\/imprimeideas.es\/en\/wp-json\/wp\/v2\/product\/68465\/revisions\/68466"}],"wp:featuredmedia":[{"embeddable":true,"href":"https:\/\/imprimeideas.es\/en\/wp-json\/wp\/v2\/media\/68468"}],"wp:attachment":[{"href":"https:\/\/imprimeideas.es\/en\/wp-json\/wp\/v2\/media?parent=68465"}],"wp:term":[{"taxonomy":"product_brand","embeddable":true,"href":"https:\/\/imprimeideas.es\/en\/wp-json\/wp\/v2\/product_brand?post=68465"},{"taxonomy":"product_cat","embeddable":true,"href":"https:\/\/imprimeideas.es\/en\/wp-json\/wp\/v2\/product_cat?post=68465"},{"taxonomy":"product_tag","embeddable":true,"href":"https:\/\/imprimeideas.es\/en\/wp-json\/wp\/v2\/product_tag?post=68465"}],"curies":[{"name":"wp","href":"https:\/\/api.w.org\/{rel}","templated":true}]}}