{"id":68425,"date":"2026-02-24T20:56:49","date_gmt":"2026-02-24T19:56:49","guid":{"rendered":"https:\/\/imprimeideas.es\/producto\/parka-acolchada-3\/"},"modified":"2026-02-24T20:58:06","modified_gmt":"2026-02-24T19:58:06","slug":"parka-acolchada-3","status":"publish","type":"product","link":"https:\/\/imprimeideas.es\/en\/product\/parka-acolchada-3\/","title":{"rendered":"PARKA ACOLCHADA"},"content":{"rendered":"<p>Parka acolchada combinada. Cuello alto y capucha enrollable con cord\u00f3n para ajustar. Cierre de cremallera de doble tirador oculta por solapa postiza con velcro. Dos bolsos laterales  y dos de pecho interiores con cremalleras.  Cortes decorativos, detalles reflectantes y cinta decorativa personalizada en una manga. Bocamanga ajustable con velcro y pu\u00f1o el\u00e1stico interior. Cord\u00f3n el\u00e1stico con pieza ajustable en el bajo.<\/p>","protected":false},"excerpt":{"rendered":"<p>WF2858 &#8211; PARKA ACOLCHADA<\/p>","protected":false},"featured_media":68428,"comment_status":"closed","ping_status":"open","template":"","meta":{"inline_featured_image":false},"product_brand":[],"product_cat":[2361],"product_tag":[],"class_list":{"0":"post-68425","1":"product","2":"type-product","3":"status-publish","4":"has-post-thumbnail","6":"product_cat-industriaparka-industria","7":"pa_color-marinoazafata","8":"pa_color-negrogris","9":"pa_color-negrorojo","11":"first","12":"instock","13":"purchasable","14":"product-type-variable"},"aioseo_notices":[],"_links":{"self":[{"href":"https:\/\/imprimeideas.es\/en\/wp-json\/wp\/v2\/product\/68425","targetHints":{"allow":["GET"]}}],"collection":[{"href":"https:\/\/imprimeideas.es\/en\/wp-json\/wp\/v2\/product"}],"about":[{"href":"https:\/\/imprimeideas.es\/en\/wp-json\/wp\/v2\/types\/product"}],"replies":[{"embeddable":true,"href":"https:\/\/imprimeideas.es\/en\/wp-json\/wp\/v2\/comments?post=68425"}],"version-history":[{"count":1,"href":"https:\/\/imprimeideas.es\/en\/wp-json\/wp\/v2\/product\/68425\/revisions"}],"predecessor-version":[{"id":68426,"href":"https:\/\/imprimeideas.es\/en\/wp-json\/wp\/v2\/product\/68425\/revisions\/68426"}],"wp:featuredmedia":[{"embeddable":true,"href":"https:\/\/imprimeideas.es\/en\/wp-json\/wp\/v2\/media\/68428"}],"wp:attachment":[{"href":"https:\/\/imprimeideas.es\/en\/wp-json\/wp\/v2\/media?parent=68425"}],"wp:term":[{"taxonomy":"product_brand","embeddable":true,"href":"https:\/\/imprimeideas.es\/en\/wp-json\/wp\/v2\/product_brand?post=68425"},{"taxonomy":"product_cat","embeddable":true,"href":"https:\/\/imprimeideas.es\/en\/wp-json\/wp\/v2\/product_cat?post=68425"},{"taxonomy":"product_tag","embeddable":true,"href":"https:\/\/imprimeideas.es\/en\/wp-json\/wp\/v2\/product_tag?post=68425"}],"curies":[{"name":"wp","href":"https:\/\/api.w.org\/{rel}","templated":true}]}}