{"id":68342,"date":"2026-02-24T20:54:56","date_gmt":"2026-02-24T19:54:56","guid":{"rendered":"https:\/\/imprimeideas.es\/producto\/pantalon-elastico-6\/"},"modified":"2026-02-24T20:55:44","modified_gmt":"2026-02-24T19:55:44","slug":"pantalon-elastico-6","status":"publish","type":"product","link":"https:\/\/imprimeideas.es\/en\/product\/pantalon-elastico-6\/","title":{"rendered":"PANTALON ELASTICO"},"content":{"rendered":"<p>Pantal\u00f3n el\u00e1stico combinado. Dos bolsos de doble abertura inclinada en los costados. Dos bolsos de plast\u00f3n con pliegue inferior y cartera de velcro en perneras. Un bolso trasero de plast\u00f3n interior con cremallera y otro con cartera de velcro. Cortes decorativos y pinzas en rodillas. Vivos reflectantes y presillas a contraste. Cinta decorativa personalizada en pernera. El\u00e1stico en los laterales de la cintura. Trabillas. Cierre de bot\u00f3n met\u00e1lico y bragueta de cremallera.<\/p>","protected":false},"excerpt":{"rendered":"<p>WF3050 &#8211; PANTALON ELASTICO<\/p>","protected":false},"featured_media":68345,"comment_status":"closed","ping_status":"open","template":"","meta":{"inline_featured_image":false},"product_brand":[],"product_cat":[2216],"product_tag":[],"class_list":{"0":"post-68342","1":"product","2":"type-product","3":"status-publish","4":"has-post-thumbnail","6":"product_cat-industriapantalon-industria","7":"pa_color-gris-oscuronegronaranja-fluor","8":"pa_color-marinonegroamarillo-fluor","10":"first","11":"instock","12":"purchasable","13":"product-type-variable"},"aioseo_notices":[],"_links":{"self":[{"href":"https:\/\/imprimeideas.es\/en\/wp-json\/wp\/v2\/product\/68342","targetHints":{"allow":["GET"]}}],"collection":[{"href":"https:\/\/imprimeideas.es\/en\/wp-json\/wp\/v2\/product"}],"about":[{"href":"https:\/\/imprimeideas.es\/en\/wp-json\/wp\/v2\/types\/product"}],"replies":[{"embeddable":true,"href":"https:\/\/imprimeideas.es\/en\/wp-json\/wp\/v2\/comments?post=68342"}],"version-history":[{"count":1,"href":"https:\/\/imprimeideas.es\/en\/wp-json\/wp\/v2\/product\/68342\/revisions"}],"predecessor-version":[{"id":68343,"href":"https:\/\/imprimeideas.es\/en\/wp-json\/wp\/v2\/product\/68342\/revisions\/68343"}],"wp:featuredmedia":[{"embeddable":true,"href":"https:\/\/imprimeideas.es\/en\/wp-json\/wp\/v2\/media\/68345"}],"wp:attachment":[{"href":"https:\/\/imprimeideas.es\/en\/wp-json\/wp\/v2\/media?parent=68342"}],"wp:term":[{"taxonomy":"product_brand","embeddable":true,"href":"https:\/\/imprimeideas.es\/en\/wp-json\/wp\/v2\/product_brand?post=68342"},{"taxonomy":"product_cat","embeddable":true,"href":"https:\/\/imprimeideas.es\/en\/wp-json\/wp\/v2\/product_cat?post=68342"},{"taxonomy":"product_tag","embeddable":true,"href":"https:\/\/imprimeideas.es\/en\/wp-json\/wp\/v2\/product_tag?post=68342"}],"curies":[{"name":"wp","href":"https:\/\/api.w.org\/{rel}","templated":true}]}}