{"id":68328,"date":"2026-02-24T20:54:11","date_gmt":"2026-02-24T19:54:11","guid":{"rendered":"https:\/\/imprimeideas.es\/producto\/bermuda-elastica\/"},"modified":"2026-02-24T20:54:56","modified_gmt":"2026-02-24T19:54:56","slug":"bermuda-elastica","status":"publish","type":"product","link":"https:\/\/imprimeideas.es\/en\/product\/bermuda-elastica\/","title":{"rendered":"BERMUDA ELASTICA"},"content":{"rendered":"<p>Bermuda el\u00e1stica combinada. Dos bolsos de doble abertura inclinada en los costados. Un bolso de plast\u00f3n con pliegue inferior y cartera de velcro y un bolso de plast\u00f3n con cierre de cremallera en perneras. Un bolso trasero de plast\u00f3n interior con cremallera y otro con cartera de velcro. Vivos reflectantes y presillas a contraste. Cinta decorativa personalizada en pernera. El\u00e1stico en los laterales de la cintura. Trabillas. Cierre de bot\u00f3n met\u00e1lico y bragueta de cremallera.<\/p>","protected":false},"excerpt":{"rendered":"<p>WF3017 &#8211; BERMUDA ELASTICA<\/p>","protected":false},"featured_media":68331,"comment_status":"closed","ping_status":"open","template":"","meta":{"inline_featured_image":false},"product_brand":[],"product_cat":[2218],"product_tag":[],"class_list":{"0":"post-68328","1":"product","2":"type-product","3":"status-publish","4":"has-post-thumbnail","6":"product_cat-industriabermuda-industria","7":"pa_color-gris-oscuronegronaranja-fluor","8":"pa_color-marinonegroamarillo-fluor","10":"first","11":"instock","12":"purchasable","13":"product-type-variable"},"aioseo_notices":[],"_links":{"self":[{"href":"https:\/\/imprimeideas.es\/en\/wp-json\/wp\/v2\/product\/68328","targetHints":{"allow":["GET"]}}],"collection":[{"href":"https:\/\/imprimeideas.es\/en\/wp-json\/wp\/v2\/product"}],"about":[{"href":"https:\/\/imprimeideas.es\/en\/wp-json\/wp\/v2\/types\/product"}],"replies":[{"embeddable":true,"href":"https:\/\/imprimeideas.es\/en\/wp-json\/wp\/v2\/comments?post=68328"}],"version-history":[{"count":1,"href":"https:\/\/imprimeideas.es\/en\/wp-json\/wp\/v2\/product\/68328\/revisions"}],"predecessor-version":[{"id":68329,"href":"https:\/\/imprimeideas.es\/en\/wp-json\/wp\/v2\/product\/68328\/revisions\/68329"}],"wp:featuredmedia":[{"embeddable":true,"href":"https:\/\/imprimeideas.es\/en\/wp-json\/wp\/v2\/media\/68331"}],"wp:attachment":[{"href":"https:\/\/imprimeideas.es\/en\/wp-json\/wp\/v2\/media?parent=68328"}],"wp:term":[{"taxonomy":"product_brand","embeddable":true,"href":"https:\/\/imprimeideas.es\/en\/wp-json\/wp\/v2\/product_brand?post=68328"},{"taxonomy":"product_cat","embeddable":true,"href":"https:\/\/imprimeideas.es\/en\/wp-json\/wp\/v2\/product_cat?post=68328"},{"taxonomy":"product_tag","embeddable":true,"href":"https:\/\/imprimeideas.es\/en\/wp-json\/wp\/v2\/product_tag?post=68328"}],"curies":[{"name":"wp","href":"https:\/\/api.w.org\/{rel}","templated":true}]}}