{"id":68118,"date":"2026-02-24T20:46:10","date_gmt":"2026-02-24T19:46:10","guid":{"rendered":"https:\/\/imprimeideas.es\/producto\/pantalon-con-refuerzos-8\/"},"modified":"2026-02-24T20:48:06","modified_gmt":"2026-02-24T19:48:06","slug":"pantalon-con-refuerzos-8","status":"publish","type":"product","link":"https:\/\/imprimeideas.es\/en\/product\/pantalon-con-refuerzos-8\/","title":{"rendered":"PANTALON CON REFUERZOS"},"content":{"rendered":"<p>Pantal\u00f3n en mezcla de viscosa con refuerzos. Dos bolsos de abertura vertical en los costados, dos bolsos laterales y dos bolsos traseros, todos interiores con cremallera de cierre invertido. Rodilleras reforzadas. Bajos con cord\u00f3n el\u00e1stico y pieza ajustable. Cortes decorativos y presillas a contraste. El\u00e1stico en los laterales de la cintura. Trabillas anchas. Cierre de corchete y bragueta de cremallera. Tejido resistente que permite la transpiraci\u00f3n.<\/p>","protected":false},"excerpt":{"rendered":"<p>S9885 &#8211; PANTALON CON REFUERZOS<\/p>","protected":false},"featured_media":68122,"comment_status":"closed","ping_status":"open","template":"","meta":{"inline_featured_image":false},"product_brand":[],"product_cat":[2317],"product_tag":[],"class_list":{"0":"post-68118","1":"product","2":"type-product","3":"status-publish","4":"has-post-thumbnail","6":"product_cat-deportepantalon-deporte","7":"pa_color-beige","8":"pa_color-gris","9":"pa_color-marino","10":"pa_color-marron","11":"pa_color-negro","12":"pa_color-verde-caza","14":"first","15":"instock","16":"purchasable","17":"product-type-variable"},"aioseo_notices":[],"_links":{"self":[{"href":"https:\/\/imprimeideas.es\/en\/wp-json\/wp\/v2\/product\/68118","targetHints":{"allow":["GET"]}}],"collection":[{"href":"https:\/\/imprimeideas.es\/en\/wp-json\/wp\/v2\/product"}],"about":[{"href":"https:\/\/imprimeideas.es\/en\/wp-json\/wp\/v2\/types\/product"}],"replies":[{"embeddable":true,"href":"https:\/\/imprimeideas.es\/en\/wp-json\/wp\/v2\/comments?post=68118"}],"version-history":[{"count":1,"href":"https:\/\/imprimeideas.es\/en\/wp-json\/wp\/v2\/product\/68118\/revisions"}],"predecessor-version":[{"id":68119,"href":"https:\/\/imprimeideas.es\/en\/wp-json\/wp\/v2\/product\/68118\/revisions\/68119"}],"wp:featuredmedia":[{"embeddable":true,"href":"https:\/\/imprimeideas.es\/en\/wp-json\/wp\/v2\/media\/68122"}],"wp:attachment":[{"href":"https:\/\/imprimeideas.es\/en\/wp-json\/wp\/v2\/media?parent=68118"}],"wp:term":[{"taxonomy":"product_brand","embeddable":true,"href":"https:\/\/imprimeideas.es\/en\/wp-json\/wp\/v2\/product_brand?post=68118"},{"taxonomy":"product_cat","embeddable":true,"href":"https:\/\/imprimeideas.es\/en\/wp-json\/wp\/v2\/product_cat?post=68118"},{"taxonomy":"product_tag","embeddable":true,"href":"https:\/\/imprimeideas.es\/en\/wp-json\/wp\/v2\/product_tag?post=68118"}],"curies":[{"name":"wp","href":"https:\/\/api.w.org\/{rel}","templated":true}]}}