{"id":68055,"date":"2026-02-24T20:45:09","date_gmt":"2026-02-24T19:45:09","guid":{"rendered":"https:\/\/imprimeideas.es\/producto\/pantalon-con-refuerzos-7\/"},"modified":"2026-02-24T20:46:10","modified_gmt":"2026-02-24T19:46:10","slug":"pantalon-con-refuerzos-7","status":"publish","type":"product","link":"https:\/\/imprimeideas.es\/en\/product\/pantalon-con-refuerzos-7\/","title":{"rendered":"PANTALON CON REFUERZOS"},"content":{"rendered":"<p>Pantal\u00f3n combinado en mezcla de viscosa con refuerzos. Dos bolsos de abertura vertical en los costados, un bolso lateral de plast\u00f3n y un bolso trasero interior, todos con cremalleras combinadas de cierre invertido. Rodilleras reforzadas. Bajos con cord\u00f3n el\u00e1stico y pieza ajustable. Cortes decorativos y presillas a contraste. El\u00e1stico en los laterales de la cintura. Trabillas anchas. Cierre de corchete y bragueta de cremallera. Tejido resistente que permite la transpiraci\u00f3n.<\/p>","protected":false},"excerpt":{"rendered":"<p>S9880 &#8211; PANTALON CON REFUERZOS<\/p>","protected":false},"featured_media":68059,"comment_status":"closed","ping_status":"open","template":"","meta":{"inline_featured_image":false},"product_brand":[],"product_cat":[2351],"product_tag":[],"class_list":{"0":"post-68055","1":"product","2":"type-product","3":"status-publish","4":"has-post-thumbnail","6":"product_cat-deportepantalon-deporteindustriapantalon-industria","7":"pa_color-grisnegro","8":"pa_color-negrogris","9":"pa_color-verde-caza-marron","11":"first","12":"instock","13":"purchasable","14":"product-type-variable"},"aioseo_notices":[],"_links":{"self":[{"href":"https:\/\/imprimeideas.es\/en\/wp-json\/wp\/v2\/product\/68055","targetHints":{"allow":["GET"]}}],"collection":[{"href":"https:\/\/imprimeideas.es\/en\/wp-json\/wp\/v2\/product"}],"about":[{"href":"https:\/\/imprimeideas.es\/en\/wp-json\/wp\/v2\/types\/product"}],"replies":[{"embeddable":true,"href":"https:\/\/imprimeideas.es\/en\/wp-json\/wp\/v2\/comments?post=68055"}],"version-history":[{"count":1,"href":"https:\/\/imprimeideas.es\/en\/wp-json\/wp\/v2\/product\/68055\/revisions"}],"predecessor-version":[{"id":68056,"href":"https:\/\/imprimeideas.es\/en\/wp-json\/wp\/v2\/product\/68055\/revisions\/68056"}],"wp:featuredmedia":[{"embeddable":true,"href":"https:\/\/imprimeideas.es\/en\/wp-json\/wp\/v2\/media\/68059"}],"wp:attachment":[{"href":"https:\/\/imprimeideas.es\/en\/wp-json\/wp\/v2\/media?parent=68055"}],"wp:term":[{"taxonomy":"product_brand","embeddable":true,"href":"https:\/\/imprimeideas.es\/en\/wp-json\/wp\/v2\/product_brand?post=68055"},{"taxonomy":"product_cat","embeddable":true,"href":"https:\/\/imprimeideas.es\/en\/wp-json\/wp\/v2\/product_cat?post=68055"},{"taxonomy":"product_tag","embeddable":true,"href":"https:\/\/imprimeideas.es\/en\/wp-json\/wp\/v2\/product_tag?post=68055"}],"curies":[{"name":"wp","href":"https:\/\/api.w.org\/{rel}","templated":true}]}}