{"id":68027,"date":"2026-02-24T20:43:58","date_gmt":"2026-02-24T19:43:58","guid":{"rendered":"https:\/\/imprimeideas.es\/producto\/pantalon-desmontable\/"},"modified":"2026-02-24T20:45:10","modified_gmt":"2026-02-24T19:45:10","slug":"pantalon-desmontable","status":"publish","type":"product","link":"https:\/\/imprimeideas.es\/en\/product\/pantalon-desmontable\/","title":{"rendered":"PANTALON DESMONTABLE"},"content":{"rendered":"<p>Pantal\u00f3n desmontable de nylon combinado con tejido Ripstop. Dos bolsos de abertura vertical en los costados, un bolso lateral de plast\u00f3n y un bolso trasero interior, todos con cremallera de cierre invertido. Cremallera de nylon en perneras. Bajos con cord\u00f3n el\u00e1stico y pieza ajustable. Cortes decorativos y presillas a contraste. El\u00e1stico en los laterales de la cintura. Trabillas. Cierre de corchete y bragueta de cremallera. Tejido fresco, resistente y de secado r\u00e1pido.<\/p>","protected":false},"excerpt":{"rendered":"<p>S9870 &#8211; PANTALON DESMONTABLE<\/p>","protected":false},"featured_media":68030,"comment_status":"closed","ping_status":"open","template":"","meta":{"inline_featured_image":false},"product_brand":[],"product_cat":[2351],"product_tag":[],"class_list":{"0":"post-68027","1":"product","2":"type-product","3":"status-publish","4":"has-post-thumbnail","6":"product_cat-deportepantalon-deporteindustriapantalon-industria","7":"pa_color-beigenegro","8":"pa_color-gris-oscuronegro","9":"pa_color-negronegro","11":"first","12":"instock","13":"purchasable","14":"product-type-variable"},"aioseo_notices":[],"_links":{"self":[{"href":"https:\/\/imprimeideas.es\/en\/wp-json\/wp\/v2\/product\/68027","targetHints":{"allow":["GET"]}}],"collection":[{"href":"https:\/\/imprimeideas.es\/en\/wp-json\/wp\/v2\/product"}],"about":[{"href":"https:\/\/imprimeideas.es\/en\/wp-json\/wp\/v2\/types\/product"}],"replies":[{"embeddable":true,"href":"https:\/\/imprimeideas.es\/en\/wp-json\/wp\/v2\/comments?post=68027"}],"version-history":[{"count":1,"href":"https:\/\/imprimeideas.es\/en\/wp-json\/wp\/v2\/product\/68027\/revisions"}],"predecessor-version":[{"id":68028,"href":"https:\/\/imprimeideas.es\/en\/wp-json\/wp\/v2\/product\/68027\/revisions\/68028"}],"wp:featuredmedia":[{"embeddable":true,"href":"https:\/\/imprimeideas.es\/en\/wp-json\/wp\/v2\/media\/68030"}],"wp:attachment":[{"href":"https:\/\/imprimeideas.es\/en\/wp-json\/wp\/v2\/media?parent=68027"}],"wp:term":[{"taxonomy":"product_brand","embeddable":true,"href":"https:\/\/imprimeideas.es\/en\/wp-json\/wp\/v2\/product_brand?post=68027"},{"taxonomy":"product_cat","embeddable":true,"href":"https:\/\/imprimeideas.es\/en\/wp-json\/wp\/v2\/product_cat?post=68027"},{"taxonomy":"product_tag","embeddable":true,"href":"https:\/\/imprimeideas.es\/en\/wp-json\/wp\/v2\/product_tag?post=68027"}],"curies":[{"name":"wp","href":"https:\/\/api.w.org\/{rel}","templated":true}]}}