{"id":68004,"date":"2026-02-24T20:42:48","date_gmt":"2026-02-24T19:42:48","guid":{"rendered":"https:\/\/imprimeideas.es\/producto\/pantalon-multibolsillo-9\/"},"modified":"2026-02-24T20:43:58","modified_gmt":"2026-02-24T19:43:58","slug":"pantalon-multibolsillo-9","status":"publish","type":"product","link":"https:\/\/imprimeideas.es\/en\/product\/pantalon-multibolsillo-9\/","title":{"rendered":"PANTALON MULTIBOLSILLO"},"content":{"rendered":"<p>Pantal\u00f3n de nylon. Dos bolsos de abertura vertical en los costados, dos bolsos laterales y dos traseros, todos interiores con cremallera de cierre invertido. Bajos con cord\u00f3n el\u00e1stico y pieza ajustable. Cortes decorativos y presillas a contraste. El\u00e1stico en los laterales de la cintura. Trabillas dobles. Cierre de corchete y bragueta de cremallera. Tejido fresco, resistente y de secado r\u00e1pido.<\/p>","protected":false},"excerpt":{"rendered":"<p>S9860 &#8211; PANTALON MULTIBOLSILLO<\/p>","protected":false},"featured_media":68007,"comment_status":"closed","ping_status":"open","template":"","meta":{"inline_featured_image":false},"product_brand":[],"product_cat":[2351],"product_tag":[],"class_list":{"0":"post-68004","1":"product","2":"type-product","3":"status-publish","4":"has-post-thumbnail","6":"product_cat-deportepantalon-deporteindustriapantalon-industria","7":"pa_color-beige","8":"pa_color-gris-oscuro","9":"pa_color-negro","11":"first","12":"instock","13":"purchasable","14":"product-type-variable"},"aioseo_notices":[],"_links":{"self":[{"href":"https:\/\/imprimeideas.es\/en\/wp-json\/wp\/v2\/product\/68004","targetHints":{"allow":["GET"]}}],"collection":[{"href":"https:\/\/imprimeideas.es\/en\/wp-json\/wp\/v2\/product"}],"about":[{"href":"https:\/\/imprimeideas.es\/en\/wp-json\/wp\/v2\/types\/product"}],"replies":[{"embeddable":true,"href":"https:\/\/imprimeideas.es\/en\/wp-json\/wp\/v2\/comments?post=68004"}],"version-history":[{"count":1,"href":"https:\/\/imprimeideas.es\/en\/wp-json\/wp\/v2\/product\/68004\/revisions"}],"predecessor-version":[{"id":68005,"href":"https:\/\/imprimeideas.es\/en\/wp-json\/wp\/v2\/product\/68004\/revisions\/68005"}],"wp:featuredmedia":[{"embeddable":true,"href":"https:\/\/imprimeideas.es\/en\/wp-json\/wp\/v2\/media\/68007"}],"wp:attachment":[{"href":"https:\/\/imprimeideas.es\/en\/wp-json\/wp\/v2\/media?parent=68004"}],"wp:term":[{"taxonomy":"product_brand","embeddable":true,"href":"https:\/\/imprimeideas.es\/en\/wp-json\/wp\/v2\/product_brand?post=68004"},{"taxonomy":"product_cat","embeddable":true,"href":"https:\/\/imprimeideas.es\/en\/wp-json\/wp\/v2\/product_cat?post=68004"},{"taxonomy":"product_tag","embeddable":true,"href":"https:\/\/imprimeideas.es\/en\/wp-json\/wp\/v2\/product_tag?post=68004"}],"curies":[{"name":"wp","href":"https:\/\/api.w.org\/{rel}","templated":true}]}}