{"id":67981,"date":"2026-02-24T20:41:39","date_gmt":"2026-02-24T19:41:39","guid":{"rendered":"https:\/\/imprimeideas.es\/producto\/pantalon-elastico-5\/"},"modified":"2026-02-24T20:42:48","modified_gmt":"2026-02-24T19:42:48","slug":"pantalon-elastico-5","status":"publish","type":"product","link":"https:\/\/imprimeideas.es\/en\/product\/pantalon-elastico-5\/","title":{"rendered":"PANTALON ELASTICO"},"content":{"rendered":"<p>Pantal\u00f3n el\u00e1stico combinado con tejido Ripstop. Dos bolsos de abertura vertical en los costados y un bolso trasero, todos interiores con cremallera de cierre invertido. Bajos con cord\u00f3n el\u00e1stico y pieza ajustable. Cortes decorativos. Cremalleras, pespuntes y presillas a contraste. El\u00e1stico en los laterales de la cintura. Trabillas. Cierre de corchete y bragueta de cremallera.<\/p>","protected":false},"excerpt":{"rendered":"<p>S9855 &#8211; PANTALON ELASTICO<\/p>","protected":false},"featured_media":67984,"comment_status":"closed","ping_status":"open","template":"","meta":{"inline_featured_image":false},"product_brand":[],"product_cat":[2351],"product_tag":[],"class_list":{"0":"post-67981","1":"product","2":"type-product","3":"status-publish","4":"has-post-thumbnail","6":"product_cat-deportepantalon-deporteindustriapantalon-industria","7":"pa_color-gris-oscuronegro","8":"pa_color-marronnegro","9":"pa_color-negronegro","11":"first","12":"instock","13":"purchasable","14":"product-type-variable"},"aioseo_notices":[],"_links":{"self":[{"href":"https:\/\/imprimeideas.es\/en\/wp-json\/wp\/v2\/product\/67981","targetHints":{"allow":["GET"]}}],"collection":[{"href":"https:\/\/imprimeideas.es\/en\/wp-json\/wp\/v2\/product"}],"about":[{"href":"https:\/\/imprimeideas.es\/en\/wp-json\/wp\/v2\/types\/product"}],"replies":[{"embeddable":true,"href":"https:\/\/imprimeideas.es\/en\/wp-json\/wp\/v2\/comments?post=67981"}],"version-history":[{"count":1,"href":"https:\/\/imprimeideas.es\/en\/wp-json\/wp\/v2\/product\/67981\/revisions"}],"predecessor-version":[{"id":67982,"href":"https:\/\/imprimeideas.es\/en\/wp-json\/wp\/v2\/product\/67981\/revisions\/67982"}],"wp:featuredmedia":[{"embeddable":true,"href":"https:\/\/imprimeideas.es\/en\/wp-json\/wp\/v2\/media\/67984"}],"wp:attachment":[{"href":"https:\/\/imprimeideas.es\/en\/wp-json\/wp\/v2\/media?parent=67981"}],"wp:term":[{"taxonomy":"product_brand","embeddable":true,"href":"https:\/\/imprimeideas.es\/en\/wp-json\/wp\/v2\/product_brand?post=67981"},{"taxonomy":"product_cat","embeddable":true,"href":"https:\/\/imprimeideas.es\/en\/wp-json\/wp\/v2\/product_cat?post=67981"},{"taxonomy":"product_tag","embeddable":true,"href":"https:\/\/imprimeideas.es\/en\/wp-json\/wp\/v2\/product_tag?post=67981"}],"curies":[{"name":"wp","href":"https:\/\/api.w.org\/{rel}","templated":true}]}}