{"id":67596,"date":"2026-02-24T20:29:58","date_gmt":"2026-02-24T19:29:58","guid":{"rendered":"https:\/\/imprimeideas.es\/producto\/pantalon-multibolsillo-de-caza-2\/"},"modified":"2026-02-24T20:30:49","modified_gmt":"2026-02-24T19:30:49","slug":"pantalon-multibolsillo-de-caza-2","status":"publish","type":"product","link":"https:\/\/imprimeideas.es\/en\/product\/pantalon-multibolsillo-de-caza-2\/","title":{"rendered":"PANTALON MULTIBOLSILLO DE CAZA"},"content":{"rendered":"<p>Pantal\u00f3n recto combinado. Dos bolsos de abertura inclinada en los costados, un bolso lateral y dos traseros, todos interiores con cremallera de cierre invertido. Refuerzos en las rodillas con tejidos combinados. El\u00e1stico en los laterales de la cintura y cubrecosturas interior. Trabillas de diferentes tama\u00f1os. Cierre de corchete met\u00e1lico y bragueta de cremallera met\u00e1lica.<\/p>","protected":false},"excerpt":{"rendered":"<p>S8335 &#8211; PANTALON MULTIBOLSILLO DE CAZA<\/p>","protected":false},"featured_media":67599,"comment_status":"closed","ping_status":"open","template":"","meta":{"inline_featured_image":false},"product_brand":[],"product_cat":[2333],"product_tag":[],"class_list":{"0":"post-67596","1":"product","2":"type-product","3":"status-publish","4":"has-post-thumbnail","6":"product_cat-deportecazapantalon-deportepantalon-caza","7":"pa_color-grisnegro","8":"pa_color-verde-caza-marron","10":"first","11":"instock","12":"purchasable","13":"product-type-variable"},"aioseo_notices":[],"_links":{"self":[{"href":"https:\/\/imprimeideas.es\/en\/wp-json\/wp\/v2\/product\/67596","targetHints":{"allow":["GET"]}}],"collection":[{"href":"https:\/\/imprimeideas.es\/en\/wp-json\/wp\/v2\/product"}],"about":[{"href":"https:\/\/imprimeideas.es\/en\/wp-json\/wp\/v2\/types\/product"}],"replies":[{"embeddable":true,"href":"https:\/\/imprimeideas.es\/en\/wp-json\/wp\/v2\/comments?post=67596"}],"version-history":[{"count":1,"href":"https:\/\/imprimeideas.es\/en\/wp-json\/wp\/v2\/product\/67596\/revisions"}],"predecessor-version":[{"id":67597,"href":"https:\/\/imprimeideas.es\/en\/wp-json\/wp\/v2\/product\/67596\/revisions\/67597"}],"wp:featuredmedia":[{"embeddable":true,"href":"https:\/\/imprimeideas.es\/en\/wp-json\/wp\/v2\/media\/67599"}],"wp:attachment":[{"href":"https:\/\/imprimeideas.es\/en\/wp-json\/wp\/v2\/media?parent=67596"}],"wp:term":[{"taxonomy":"product_brand","embeddable":true,"href":"https:\/\/imprimeideas.es\/en\/wp-json\/wp\/v2\/product_brand?post=67596"},{"taxonomy":"product_cat","embeddable":true,"href":"https:\/\/imprimeideas.es\/en\/wp-json\/wp\/v2\/product_cat?post=67596"},{"taxonomy":"product_tag","embeddable":true,"href":"https:\/\/imprimeideas.es\/en\/wp-json\/wp\/v2\/product_tag?post=67596"}],"curies":[{"name":"wp","href":"https:\/\/api.w.org\/{rel}","templated":true}]}}