{"id":67573,"date":"2026-02-24T20:28:48","date_gmt":"2026-02-24T19:28:48","guid":{"rendered":"https:\/\/imprimeideas.es\/producto\/pantalon-multibolsillo-de-caza\/"},"modified":"2026-02-24T20:29:58","modified_gmt":"2026-02-24T19:29:58","slug":"pantalon-multibolsillo-de-caza","status":"publish","type":"product","link":"https:\/\/imprimeideas.es\/en\/product\/pantalon-multibolsillo-de-caza\/","title":{"rendered":"PANTALON MULTIBOLSILLO DE CAZA"},"content":{"rendered":"<p>Pantal\u00f3n recto con dos bolsos de abertura inclinada en los costados, un bolso lateral y dos traseros, todos interiores con cremallera de cierre invertido. Refuerzos en las rodillas con tejidos y colores combinados. El\u00e1stico en los laterales de la cintura y cubrecosturas interior. Trabillas de diferentes tama\u00f1os. Cierre de corchete met\u00e1lico y bragueta de cremallera met\u00e1lica.<\/p>","protected":false},"excerpt":{"rendered":"<p>S8330 &#8211; PANTALON MULTIBOLSILLO DE CAZA<\/p>","protected":false},"featured_media":67576,"comment_status":"closed","ping_status":"open","template":"","meta":{"inline_featured_image":false},"product_brand":[],"product_cat":[2333],"product_tag":[],"class_list":{"0":"post-67573","1":"product","2":"type-product","3":"status-publish","4":"has-post-thumbnail","6":"product_cat-deportecazapantalon-deportepantalon-caza","7":"pa_color-marron","8":"pa_color-negro","9":"pa_color-verde-caza","11":"first","12":"instock","13":"purchasable","14":"product-type-variable"},"aioseo_notices":[],"_links":{"self":[{"href":"https:\/\/imprimeideas.es\/en\/wp-json\/wp\/v2\/product\/67573","targetHints":{"allow":["GET"]}}],"collection":[{"href":"https:\/\/imprimeideas.es\/en\/wp-json\/wp\/v2\/product"}],"about":[{"href":"https:\/\/imprimeideas.es\/en\/wp-json\/wp\/v2\/types\/product"}],"replies":[{"embeddable":true,"href":"https:\/\/imprimeideas.es\/en\/wp-json\/wp\/v2\/comments?post=67573"}],"version-history":[{"count":1,"href":"https:\/\/imprimeideas.es\/en\/wp-json\/wp\/v2\/product\/67573\/revisions"}],"predecessor-version":[{"id":67574,"href":"https:\/\/imprimeideas.es\/en\/wp-json\/wp\/v2\/product\/67573\/revisions\/67574"}],"wp:featuredmedia":[{"embeddable":true,"href":"https:\/\/imprimeideas.es\/en\/wp-json\/wp\/v2\/media\/67576"}],"wp:attachment":[{"href":"https:\/\/imprimeideas.es\/en\/wp-json\/wp\/v2\/media?parent=67573"}],"wp:term":[{"taxonomy":"product_brand","embeddable":true,"href":"https:\/\/imprimeideas.es\/en\/wp-json\/wp\/v2\/product_brand?post=67573"},{"taxonomy":"product_cat","embeddable":true,"href":"https:\/\/imprimeideas.es\/en\/wp-json\/wp\/v2\/product_cat?post=67573"},{"taxonomy":"product_tag","embeddable":true,"href":"https:\/\/imprimeideas.es\/en\/wp-json\/wp\/v2\/product_tag?post=67573"}],"curies":[{"name":"wp","href":"https:\/\/api.w.org\/{rel}","templated":true}]}}