{"id":67482,"date":"2026-02-24T20:25:40","date_gmt":"2026-02-24T19:25:40","guid":{"rendered":"https:\/\/imprimeideas.es\/producto\/impermeable-de-caza-2\/"},"modified":"2026-02-24T20:26:30","modified_gmt":"2026-02-24T19:26:30","slug":"impermeable-de-caza-2","status":"publish","type":"product","link":"https:\/\/imprimeideas.es\/en\/product\/impermeable-de-caza-2\/","title":{"rendered":"IMPERMEABLE DE CAZA"},"content":{"rendered":"<p>Impermeable combinado tricolor. Cuello alto y capucha desmontable con cord\u00f3n el\u00e1stico y pieza ajustable. Cubrecosturas en el interior del cuello. Cierre de cremallera de nylon. Solapa protectora interior. Dos bolsos laterales interiores con cierre de cremallera de nylon. Pu\u00f1o con el\u00e1stico y ajuste de velcro. Cortes decorativos y cremalleras de cierre invertido. Cord\u00f3n el\u00e1stico con pieza ajustable en el bajo. Forrada.<\/p>","protected":false},"excerpt":{"rendered":"<p>S8225 &#8211; IMPERMEABLE DE CAZA<\/p>","protected":false},"featured_media":67486,"comment_status":"closed","ping_status":"open","template":"","meta":{"inline_featured_image":false},"product_brand":[],"product_cat":[2326],"product_tag":[],"class_list":{"0":"post-67482","1":"product","2":"type-product","3":"status-publish","4":"has-post-thumbnail","6":"product_cat-deportecazaimpermeable-cazaimpermeable-deporte","7":"pa_color-grisnaranja-a-v-negro","8":"pa_color-verde-cazanaranja-a-v-negro","10":"first","11":"instock","12":"purchasable","13":"product-type-variable"},"aioseo_notices":[],"_links":{"self":[{"href":"https:\/\/imprimeideas.es\/en\/wp-json\/wp\/v2\/product\/67482","targetHints":{"allow":["GET"]}}],"collection":[{"href":"https:\/\/imprimeideas.es\/en\/wp-json\/wp\/v2\/product"}],"about":[{"href":"https:\/\/imprimeideas.es\/en\/wp-json\/wp\/v2\/types\/product"}],"replies":[{"embeddable":true,"href":"https:\/\/imprimeideas.es\/en\/wp-json\/wp\/v2\/comments?post=67482"}],"version-history":[{"count":1,"href":"https:\/\/imprimeideas.es\/en\/wp-json\/wp\/v2\/product\/67482\/revisions"}],"predecessor-version":[{"id":67483,"href":"https:\/\/imprimeideas.es\/en\/wp-json\/wp\/v2\/product\/67482\/revisions\/67483"}],"wp:featuredmedia":[{"embeddable":true,"href":"https:\/\/imprimeideas.es\/en\/wp-json\/wp\/v2\/media\/67486"}],"wp:attachment":[{"href":"https:\/\/imprimeideas.es\/en\/wp-json\/wp\/v2\/media?parent=67482"}],"wp:term":[{"taxonomy":"product_brand","embeddable":true,"href":"https:\/\/imprimeideas.es\/en\/wp-json\/wp\/v2\/product_brand?post=67482"},{"taxonomy":"product_cat","embeddable":true,"href":"https:\/\/imprimeideas.es\/en\/wp-json\/wp\/v2\/product_cat?post=67482"},{"taxonomy":"product_tag","embeddable":true,"href":"https:\/\/imprimeideas.es\/en\/wp-json\/wp\/v2\/product_tag?post=67482"}],"curies":[{"name":"wp","href":"https:\/\/api.w.org\/{rel}","templated":true}]}}