{"id":67428,"date":"2026-02-24T20:23:58","date_gmt":"2026-02-24T19:23:58","guid":{"rendered":"https:\/\/imprimeideas.es\/producto\/camiseta-de-caza\/"},"modified":"2026-02-24T20:25:14","modified_gmt":"2026-02-24T19:25:14","slug":"camiseta-de-caza","status":"publish","type":"product","link":"https:\/\/imprimeideas.es\/en\/product\/camiseta-de-caza\/","title":{"rendered":"CAMISETA DE CAZA"},"content":{"rendered":"<p>Camiseta cl\u00e1sica de manga corta en algod\u00f3n con estampado en pecho y espalda. Cuello redondo en punto canal\u00e9. Cubrecosturas en el interior del cuello.<\/p>","protected":false},"excerpt":{"rendered":"<p>S6620 &#8211; CAMISETA DE CAZA<\/p>","protected":false},"featured_media":67431,"comment_status":"closed","ping_status":"open","template":"","meta":{"inline_featured_image":false},"product_brand":[],"product_cat":[2324],"product_tag":[],"class_list":{"0":"post-67428","1":"product","2":"type-product","3":"status-publish","4":"has-post-thumbnail","6":"product_cat-deportecamiseta-deportecamiseta-cazacaza","7":"pa_color-gris-topo","8":"pa_color-marron","9":"pa_color-negro","10":"pa_color-verde-caza","12":"first","13":"instock","14":"purchasable","15":"product-type-variable"},"aioseo_notices":[],"_links":{"self":[{"href":"https:\/\/imprimeideas.es\/en\/wp-json\/wp\/v2\/product\/67428","targetHints":{"allow":["GET"]}}],"collection":[{"href":"https:\/\/imprimeideas.es\/en\/wp-json\/wp\/v2\/product"}],"about":[{"href":"https:\/\/imprimeideas.es\/en\/wp-json\/wp\/v2\/types\/product"}],"replies":[{"embeddable":true,"href":"https:\/\/imprimeideas.es\/en\/wp-json\/wp\/v2\/comments?post=67428"}],"version-history":[{"count":1,"href":"https:\/\/imprimeideas.es\/en\/wp-json\/wp\/v2\/product\/67428\/revisions"}],"predecessor-version":[{"id":67429,"href":"https:\/\/imprimeideas.es\/en\/wp-json\/wp\/v2\/product\/67428\/revisions\/67429"}],"wp:featuredmedia":[{"embeddable":true,"href":"https:\/\/imprimeideas.es\/en\/wp-json\/wp\/v2\/media\/67431"}],"wp:attachment":[{"href":"https:\/\/imprimeideas.es\/en\/wp-json\/wp\/v2\/media?parent=67428"}],"wp:term":[{"taxonomy":"product_brand","embeddable":true,"href":"https:\/\/imprimeideas.es\/en\/wp-json\/wp\/v2\/product_brand?post=67428"},{"taxonomy":"product_cat","embeddable":true,"href":"https:\/\/imprimeideas.es\/en\/wp-json\/wp\/v2\/product_cat?post=67428"},{"taxonomy":"product_tag","embeddable":true,"href":"https:\/\/imprimeideas.es\/en\/wp-json\/wp\/v2\/product_tag?post=67428"}],"curies":[{"name":"wp","href":"https:\/\/api.w.org\/{rel}","templated":true}]}}