{"id":67376,"date":"2026-02-24T20:21:30","date_gmt":"2026-02-24T19:21:30","guid":{"rendered":"https:\/\/imprimeideas.es\/producto\/parka-acolchada-2\/"},"modified":"2026-02-24T20:22:35","modified_gmt":"2026-02-24T19:22:35","slug":"parka-acolchada-2","status":"publish","type":"product","link":"https:\/\/imprimeideas.es\/en\/product\/parka-acolchada-2\/","title":{"rendered":"PARKA ACOLCHADA"},"content":{"rendered":"<p>Parka acolchada impermeable con vivos y pespuntes a contraste. Cuello alto revestido de polar y capucha desmontable con cord\u00f3n el\u00e1stico y pieza ajustable. Canes\u00fa en espalda y pieza en hombros rematados con vivo. Cierre de cremallera oculta por solapa postiza con corchetes y velcro. Solapa protectora interior vuelta en la parte superior cubriendo la cremallera. Un bolso de pecho interior con cierre de cremallera y otro de plast\u00f3n con fuelle central y cartera de velcro. Dos bolsos laterales interiores con cierre de cremallera. Un bolsillo en la manga con cartera y velcro. Pu\u00f1o con el\u00e1stico y ajuste de velcro. Cord\u00f3n el\u00e1stico con pieza ajustable en la cintura.<\/p>","protected":false},"excerpt":{"rendered":"<p>S1150 &#8211; PARKA ACOLCHADA<\/p>","protected":false},"featured_media":67379,"comment_status":"closed","ping_status":"open","template":"","meta":{"inline_featured_image":false},"product_brand":[],"product_cat":[2322],"product_tag":[],"class_list":{"0":"post-67376","1":"product","2":"type-product","3":"status-publish","4":"has-post-thumbnail","6":"product_cat-deporteparka-deporteimpermeable-deporte","7":"pa_color-azafata","8":"pa_color-gris","9":"pa_color-negro","11":"first","12":"instock","13":"purchasable","14":"product-type-variable"},"aioseo_notices":[],"_links":{"self":[{"href":"https:\/\/imprimeideas.es\/en\/wp-json\/wp\/v2\/product\/67376","targetHints":{"allow":["GET"]}}],"collection":[{"href":"https:\/\/imprimeideas.es\/en\/wp-json\/wp\/v2\/product"}],"about":[{"href":"https:\/\/imprimeideas.es\/en\/wp-json\/wp\/v2\/types\/product"}],"replies":[{"embeddable":true,"href":"https:\/\/imprimeideas.es\/en\/wp-json\/wp\/v2\/comments?post=67376"}],"version-history":[{"count":1,"href":"https:\/\/imprimeideas.es\/en\/wp-json\/wp\/v2\/product\/67376\/revisions"}],"predecessor-version":[{"id":67377,"href":"https:\/\/imprimeideas.es\/en\/wp-json\/wp\/v2\/product\/67376\/revisions\/67377"}],"wp:featuredmedia":[{"embeddable":true,"href":"https:\/\/imprimeideas.es\/en\/wp-json\/wp\/v2\/media\/67379"}],"wp:attachment":[{"href":"https:\/\/imprimeideas.es\/en\/wp-json\/wp\/v2\/media?parent=67376"}],"wp:term":[{"taxonomy":"product_brand","embeddable":true,"href":"https:\/\/imprimeideas.es\/en\/wp-json\/wp\/v2\/product_brand?post=67376"},{"taxonomy":"product_cat","embeddable":true,"href":"https:\/\/imprimeideas.es\/en\/wp-json\/wp\/v2\/product_cat?post=67376"},{"taxonomy":"product_tag","embeddable":true,"href":"https:\/\/imprimeideas.es\/en\/wp-json\/wp\/v2\/product_tag?post=67376"}],"curies":[{"name":"wp","href":"https:\/\/api.w.org\/{rel}","templated":true}]}}