{"id":67342,"date":"2026-02-24T20:20:40","date_gmt":"2026-02-24T19:20:40","guid":{"rendered":"https:\/\/imprimeideas.es\/producto\/parka-con-forro-polar\/"},"modified":"2026-02-24T20:21:30","modified_gmt":"2026-02-24T19:21:30","slug":"parka-con-forro-polar","status":"publish","type":"product","link":"https:\/\/imprimeideas.es\/en\/product\/parka-con-forro-polar\/","title":{"rendered":"PARKA CON FORRO POLAR"},"content":{"rendered":"<p>Parka con forro polar interior desmontable mediante cremalleras y corchetes.<br \/>\nExterior: Parka en tejido Oxford de cuello alto revestido en polar con pieza ajustable con corchete. Capucha interior ajustable con cord\u00f3n. Cierre de cremallera de doble tirador y corchetes ocultos por solapa postiza. Dos bolsos de pecho y dos bolsos laterales de fuelle, uno de ellos doble, todos con cartera de velcro. Bolsillos auxiliares superpuestos. Dos bolsos de pecho de plast\u00f3n con cierre de velcro y bolsillo auxiliar en el interior. Canes\u00fa en la espalda y remate con vivo reflectante que contin\u00faa en la manga. Bocamanga ajustable con velcro. El\u00e1stico en los laterales de la cintura y una cinta reflectante en la espalda.<br \/>\nInterior: Chaqueta polar de cuello alto y cierre de cremallera. Dos bolsos laterales con cierre de cremallera. Bocamanga con el\u00e1stico. Cord\u00f3n el\u00e1stico con pieza ajustable en bajo.<\/p>","protected":false},"excerpt":{"rendered":"<p>S1130 &#8211; PARKA CON FORRO POLAR<\/p>","protected":false},"featured_media":67347,"comment_status":"closed","ping_status":"open","template":"","meta":{"inline_featured_image":false},"product_brand":[],"product_cat":[2320],"product_tag":[],"class_list":{"0":"post-67342","1":"product","2":"type-product","3":"status-publish","4":"has-post-thumbnail","6":"product_cat-deporteparka-deporte","7":"pa_color-marino","8":"pa_color-verde","10":"first","11":"instock","12":"purchasable","13":"product-type-variable"},"aioseo_notices":[],"_links":{"self":[{"href":"https:\/\/imprimeideas.es\/en\/wp-json\/wp\/v2\/product\/67342","targetHints":{"allow":["GET"]}}],"collection":[{"href":"https:\/\/imprimeideas.es\/en\/wp-json\/wp\/v2\/product"}],"about":[{"href":"https:\/\/imprimeideas.es\/en\/wp-json\/wp\/v2\/types\/product"}],"replies":[{"embeddable":true,"href":"https:\/\/imprimeideas.es\/en\/wp-json\/wp\/v2\/comments?post=67342"}],"version-history":[{"count":1,"href":"https:\/\/imprimeideas.es\/en\/wp-json\/wp\/v2\/product\/67342\/revisions"}],"predecessor-version":[{"id":67343,"href":"https:\/\/imprimeideas.es\/en\/wp-json\/wp\/v2\/product\/67342\/revisions\/67343"}],"wp:featuredmedia":[{"embeddable":true,"href":"https:\/\/imprimeideas.es\/en\/wp-json\/wp\/v2\/media\/67347"}],"wp:attachment":[{"href":"https:\/\/imprimeideas.es\/en\/wp-json\/wp\/v2\/media?parent=67342"}],"wp:term":[{"taxonomy":"product_brand","embeddable":true,"href":"https:\/\/imprimeideas.es\/en\/wp-json\/wp\/v2\/product_brand?post=67342"},{"taxonomy":"product_cat","embeddable":true,"href":"https:\/\/imprimeideas.es\/en\/wp-json\/wp\/v2\/product_cat?post=67342"},{"taxonomy":"product_tag","embeddable":true,"href":"https:\/\/imprimeideas.es\/en\/wp-json\/wp\/v2\/product_tag?post=67342"}],"curies":[{"name":"wp","href":"https:\/\/api.w.org\/{rel}","templated":true}]}}