{"id":67290,"date":"2026-02-24T20:19:35","date_gmt":"2026-02-24T19:19:35","guid":{"rendered":"https:\/\/imprimeideas.es\/producto\/parka-acolchada\/"},"modified":"2026-02-24T20:20:18","modified_gmt":"2026-02-24T19:20:18","slug":"parka-acolchada","status":"publish","type":"product","link":"https:\/\/imprimeideas.es\/en\/product\/parka-acolchada\/","title":{"rendered":"PARKA ACOLCHADA"},"content":{"rendered":"<p>Parka acolchada en tejido Oxford con cuello alto y capucha interior ajustable con cord\u00f3n. Canes\u00fas y cierre de cremallera de doble tirador oculta por solapa postiza con corchetes. Un bolso de pecho interior con cierre de cremallera y otro de fuelle con cartera de corchetes. Dos bolsos laterales de plast\u00f3n con cartera de corchetes. Un bolso de pecho de plast\u00f3n con cierre de velcro en el interior. Un bolsillo compartimentado en cada manga y pu\u00f1o el\u00e1stico interior. Cintura el\u00e1stica en la espalda.<\/p>","protected":false},"excerpt":{"rendered":"<p>S1000 &#8211; PARKA ACOLCHADA<\/p>","protected":false},"featured_media":67293,"comment_status":"closed","ping_status":"open","template":"","meta":{"inline_featured_image":false},"product_brand":[],"product_cat":[2320],"product_tag":[],"class_list":{"0":"post-67290","1":"product","2":"type-product","3":"status-publish","4":"has-post-thumbnail","6":"product_cat-deporteparka-deporte","7":"pa_color-marino","8":"pa_color-verde","10":"first","11":"instock","12":"purchasable","13":"product-type-variable"},"aioseo_notices":[],"_links":{"self":[{"href":"https:\/\/imprimeideas.es\/en\/wp-json\/wp\/v2\/product\/67290","targetHints":{"allow":["GET"]}}],"collection":[{"href":"https:\/\/imprimeideas.es\/en\/wp-json\/wp\/v2\/product"}],"about":[{"href":"https:\/\/imprimeideas.es\/en\/wp-json\/wp\/v2\/types\/product"}],"replies":[{"embeddable":true,"href":"https:\/\/imprimeideas.es\/en\/wp-json\/wp\/v2\/comments?post=67290"}],"version-history":[{"count":1,"href":"https:\/\/imprimeideas.es\/en\/wp-json\/wp\/v2\/product\/67290\/revisions"}],"predecessor-version":[{"id":67291,"href":"https:\/\/imprimeideas.es\/en\/wp-json\/wp\/v2\/product\/67290\/revisions\/67291"}],"wp:featuredmedia":[{"embeddable":true,"href":"https:\/\/imprimeideas.es\/en\/wp-json\/wp\/v2\/media\/67293"}],"wp:attachment":[{"href":"https:\/\/imprimeideas.es\/en\/wp-json\/wp\/v2\/media?parent=67290"}],"wp:term":[{"taxonomy":"product_brand","embeddable":true,"href":"https:\/\/imprimeideas.es\/en\/wp-json\/wp\/v2\/product_brand?post=67290"},{"taxonomy":"product_cat","embeddable":true,"href":"https:\/\/imprimeideas.es\/en\/wp-json\/wp\/v2\/product_cat?post=67290"},{"taxonomy":"product_tag","embeddable":true,"href":"https:\/\/imprimeideas.es\/en\/wp-json\/wp\/v2\/product_tag?post=67290"}],"curies":[{"name":"wp","href":"https:\/\/api.w.org\/{rel}","templated":true}]}}