{"id":67259,"date":"2026-02-24T20:17:59","date_gmt":"2026-02-24T19:17:59","guid":{"rendered":"https:\/\/imprimeideas.es\/producto\/pantalon-elastico-3\/"},"modified":"2026-02-24T20:19:14","modified_gmt":"2026-02-24T19:19:14","slug":"pantalon-elastico-3","status":"publish","type":"product","link":"https:\/\/imprimeideas.es\/en\/product\/pantalon-elastico-3\/","title":{"rendered":"PANTALON ELASTICO"},"content":{"rendered":"<p>Pantal\u00f3n el\u00e1stico combinado. Dos bolsos de abertura inclinada en los costados. Un bolso de esp\u00e1tula con doble compartimento, otro con pliegue inferior y cartera de velcro, y uno auxiliar superpuesto y compartimentado con cartera de velcro en perneras. Dos bolsos traseros con fuelle, uno de ellos con cartera de velcro. Cortes decorativos y pinzas en rodillas. Detalles reflectantes. El\u00e1stico en los laterales de la cintura. Trabillas. Cierre de bot\u00f3n met\u00e1lico y bragueta de cremallera.<\/p>","protected":false},"excerpt":{"rendered":"<p>B4042 &#8211; PANTALON ELASTICO<\/p>","protected":false},"featured_media":67262,"comment_status":"closed","ping_status":"open","template":"","meta":{"inline_featured_image":false},"product_brand":[],"product_cat":[2317],"product_tag":[],"class_list":{"0":"post-67259","1":"product","2":"type-product","3":"status-publish","4":"has-post-thumbnail","6":"product_cat-deportepantalon-deporte","7":"pa_color-grisnegro","8":"pa_color-marinonegro","9":"pa_color-negrogris","11":"first","12":"instock","13":"purchasable","14":"product-type-variable"},"aioseo_notices":[],"_links":{"self":[{"href":"https:\/\/imprimeideas.es\/en\/wp-json\/wp\/v2\/product\/67259","targetHints":{"allow":["GET"]}}],"collection":[{"href":"https:\/\/imprimeideas.es\/en\/wp-json\/wp\/v2\/product"}],"about":[{"href":"https:\/\/imprimeideas.es\/en\/wp-json\/wp\/v2\/types\/product"}],"replies":[{"embeddable":true,"href":"https:\/\/imprimeideas.es\/en\/wp-json\/wp\/v2\/comments?post=67259"}],"version-history":[{"count":1,"href":"https:\/\/imprimeideas.es\/en\/wp-json\/wp\/v2\/product\/67259\/revisions"}],"predecessor-version":[{"id":67260,"href":"https:\/\/imprimeideas.es\/en\/wp-json\/wp\/v2\/product\/67259\/revisions\/67260"}],"wp:featuredmedia":[{"embeddable":true,"href":"https:\/\/imprimeideas.es\/en\/wp-json\/wp\/v2\/media\/67262"}],"wp:attachment":[{"href":"https:\/\/imprimeideas.es\/en\/wp-json\/wp\/v2\/media?parent=67259"}],"wp:term":[{"taxonomy":"product_brand","embeddable":true,"href":"https:\/\/imprimeideas.es\/en\/wp-json\/wp\/v2\/product_brand?post=67259"},{"taxonomy":"product_cat","embeddable":true,"href":"https:\/\/imprimeideas.es\/en\/wp-json\/wp\/v2\/product_cat?post=67259"},{"taxonomy":"product_tag","embeddable":true,"href":"https:\/\/imprimeideas.es\/en\/wp-json\/wp\/v2\/product_tag?post=67259"}],"curies":[{"name":"wp","href":"https:\/\/api.w.org\/{rel}","templated":true}]}}