{"id":67236,"date":"2026-02-24T20:16:39","date_gmt":"2026-02-24T19:16:39","guid":{"rendered":"https:\/\/imprimeideas.es\/producto\/pantalon-elastico-2\/"},"modified":"2026-02-24T20:17:59","modified_gmt":"2026-02-24T19:17:59","slug":"pantalon-elastico-2","status":"publish","type":"product","link":"https:\/\/imprimeideas.es\/en\/product\/pantalon-elastico-2\/","title":{"rendered":"PANTALON ELASTICO"},"content":{"rendered":"<p>Pantal\u00f3n el\u00e1stico con triple costura. Dos bolsos de abertura inclinada en los costados. Dos bolsos de plast\u00f3n con pliegue inferior y cierre de cremallera en perneras. Un bolso trasero de plast\u00f3n y otro interior con cremallera. Cortes decorativos y pinzas en rodillas. El\u00e1stico en los laterales de la cintura. Trabillas. Cierre de bot\u00f3n met\u00e1lico y bragueta de cremallera.<\/p>","protected":false},"excerpt":{"rendered":"<p>B4041 &#8211; PANTALON ELASTICO<\/p>","protected":false},"featured_media":67239,"comment_status":"closed","ping_status":"open","template":"","meta":{"inline_featured_image":false},"product_brand":[],"product_cat":[2317],"product_tag":[],"class_list":{"0":"post-67236","1":"product","2":"type-product","3":"status-publish","4":"has-post-thumbnail","6":"product_cat-deportepantalon-deporte","7":"pa_color-gris","8":"pa_color-marino","9":"pa_color-negro","11":"first","12":"instock","13":"purchasable","14":"product-type-variable"},"aioseo_notices":[],"_links":{"self":[{"href":"https:\/\/imprimeideas.es\/en\/wp-json\/wp\/v2\/product\/67236","targetHints":{"allow":["GET"]}}],"collection":[{"href":"https:\/\/imprimeideas.es\/en\/wp-json\/wp\/v2\/product"}],"about":[{"href":"https:\/\/imprimeideas.es\/en\/wp-json\/wp\/v2\/types\/product"}],"replies":[{"embeddable":true,"href":"https:\/\/imprimeideas.es\/en\/wp-json\/wp\/v2\/comments?post=67236"}],"version-history":[{"count":1,"href":"https:\/\/imprimeideas.es\/en\/wp-json\/wp\/v2\/product\/67236\/revisions"}],"predecessor-version":[{"id":67237,"href":"https:\/\/imprimeideas.es\/en\/wp-json\/wp\/v2\/product\/67236\/revisions\/67237"}],"wp:featuredmedia":[{"embeddable":true,"href":"https:\/\/imprimeideas.es\/en\/wp-json\/wp\/v2\/media\/67239"}],"wp:attachment":[{"href":"https:\/\/imprimeideas.es\/en\/wp-json\/wp\/v2\/media?parent=67236"}],"wp:term":[{"taxonomy":"product_brand","embeddable":true,"href":"https:\/\/imprimeideas.es\/en\/wp-json\/wp\/v2\/product_brand?post=67236"},{"taxonomy":"product_cat","embeddable":true,"href":"https:\/\/imprimeideas.es\/en\/wp-json\/wp\/v2\/product_cat?post=67236"},{"taxonomy":"product_tag","embeddable":true,"href":"https:\/\/imprimeideas.es\/en\/wp-json\/wp\/v2\/product_tag?post=67236"}],"curies":[{"name":"wp","href":"https:\/\/api.w.org\/{rel}","templated":true}]}}