{"id":67181,"date":"2026-02-24T20:15:25","date_gmt":"2026-02-24T19:15:25","guid":{"rendered":"https:\/\/imprimeideas.es\/producto\/pantalon-elastico\/"},"modified":"2026-02-24T20:16:39","modified_gmt":"2026-02-24T19:16:39","slug":"pantalon-elastico","status":"publish","type":"product","link":"https:\/\/imprimeideas.es\/en\/product\/pantalon-elastico\/","title":{"rendered":"PANTALON ELASTICO"},"content":{"rendered":"<p>Pantal\u00f3n el\u00e1stico con dos bolsos de abertura inclinada en los costados. Dos bolsos de plast\u00f3n con cierre de cremallera en perneras y dos bolsos traseros de plast\u00f3n. El\u00e1stico en los laterales de la cintura. Trabillas. Cierre de bot\u00f3n met\u00e1lico y bragueta de cremallera.<\/p>","protected":false},"excerpt":{"rendered":"<p>B4040 &#8211; PANTALON ELASTICO<\/p>","protected":false},"featured_media":67185,"comment_status":"closed","ping_status":"open","template":"","meta":{"inline_featured_image":false},"product_brand":[],"product_cat":[2317],"product_tag":[],"class_list":{"0":"post-67181","1":"product","2":"type-product","3":"status-publish","4":"has-post-thumbnail","6":"product_cat-deportepantalon-deporte","7":"pa_color-gris","8":"pa_color-marino","9":"pa_color-negro","11":"first","12":"instock","13":"purchasable","14":"product-type-variable"},"aioseo_notices":[],"_links":{"self":[{"href":"https:\/\/imprimeideas.es\/en\/wp-json\/wp\/v2\/product\/67181","targetHints":{"allow":["GET"]}}],"collection":[{"href":"https:\/\/imprimeideas.es\/en\/wp-json\/wp\/v2\/product"}],"about":[{"href":"https:\/\/imprimeideas.es\/en\/wp-json\/wp\/v2\/types\/product"}],"replies":[{"embeddable":true,"href":"https:\/\/imprimeideas.es\/en\/wp-json\/wp\/v2\/comments?post=67181"}],"version-history":[{"count":1,"href":"https:\/\/imprimeideas.es\/en\/wp-json\/wp\/v2\/product\/67181\/revisions"}],"predecessor-version":[{"id":67182,"href":"https:\/\/imprimeideas.es\/en\/wp-json\/wp\/v2\/product\/67181\/revisions\/67182"}],"wp:featuredmedia":[{"embeddable":true,"href":"https:\/\/imprimeideas.es\/en\/wp-json\/wp\/v2\/media\/67185"}],"wp:attachment":[{"href":"https:\/\/imprimeideas.es\/en\/wp-json\/wp\/v2\/media?parent=67181"}],"wp:term":[{"taxonomy":"product_brand","embeddable":true,"href":"https:\/\/imprimeideas.es\/en\/wp-json\/wp\/v2\/product_brand?post=67181"},{"taxonomy":"product_cat","embeddable":true,"href":"https:\/\/imprimeideas.es\/en\/wp-json\/wp\/v2\/product_cat?post=67181"},{"taxonomy":"product_tag","embeddable":true,"href":"https:\/\/imprimeideas.es\/en\/wp-json\/wp\/v2\/product_tag?post=67181"}],"curies":[{"name":"wp","href":"https:\/\/api.w.org\/{rel}","templated":true}]}}