{"id":67042,"date":"2026-02-24T20:10:17","date_gmt":"2026-02-24T19:10:17","guid":{"rendered":"https:\/\/imprimeideas.es\/producto\/chaleco-workshell-2\/"},"modified":"2026-02-24T20:13:44","modified_gmt":"2026-02-24T19:13:44","slug":"chaleco-workshell-2","status":"publish","type":"product","link":"https:\/\/imprimeideas.es\/en\/product\/chaleco-workshell-2\/","title":{"rendered":"CHALECO WORKSHELL"},"content":{"rendered":"<p>Chaleco Workshell con remate de vivo en los canes\u00fas. Cuello alto y cierre de cremallera. Un bolso de pecho y dos laterales interiores con cremallera. Un bolso de plast\u00f3n con cierre de cremallera en el interior. Vivos reflectantes y cremalleras combinadas. Ribeteado con bies el\u00e1stico a contraste. Tejido corta vientos, repelente al agua y resistente al desgarro con membrana interior transpirable y aislante e interior de alta capacidad t\u00e9rmica.<\/p>","protected":false},"excerpt":{"rendered":"<p>S9310 &#8211; CHALECO WORKSHELL<\/p>","protected":false},"featured_media":67046,"comment_status":"closed","ping_status":"open","template":"","meta":{"inline_featured_image":false},"product_brand":[],"product_cat":[2290],"product_tag":[],"class_list":{"0":"post-67042","1":"product","2":"type-product","3":"status-publish","4":"has-post-thumbnail","6":"product_cat-deportechaleco-deporteworkshell-deporte","7":"pa_color-beige","8":"pa_color-celeste","9":"pa_color-gris","10":"pa_color-marron","11":"pa_color-negro","12":"pa_color-rojo","13":"pa_color-verde-caza","14":"pa_color-verde-lima","16":"first","17":"instock","18":"purchasable","19":"product-type-variable"},"aioseo_notices":[],"_links":{"self":[{"href":"https:\/\/imprimeideas.es\/en\/wp-json\/wp\/v2\/product\/67042","targetHints":{"allow":["GET"]}}],"collection":[{"href":"https:\/\/imprimeideas.es\/en\/wp-json\/wp\/v2\/product"}],"about":[{"href":"https:\/\/imprimeideas.es\/en\/wp-json\/wp\/v2\/types\/product"}],"replies":[{"embeddable":true,"href":"https:\/\/imprimeideas.es\/en\/wp-json\/wp\/v2\/comments?post=67042"}],"version-history":[{"count":1,"href":"https:\/\/imprimeideas.es\/en\/wp-json\/wp\/v2\/product\/67042\/revisions"}],"predecessor-version":[{"id":67043,"href":"https:\/\/imprimeideas.es\/en\/wp-json\/wp\/v2\/product\/67042\/revisions\/67043"}],"wp:featuredmedia":[{"embeddable":true,"href":"https:\/\/imprimeideas.es\/en\/wp-json\/wp\/v2\/media\/67046"}],"wp:attachment":[{"href":"https:\/\/imprimeideas.es\/en\/wp-json\/wp\/v2\/media?parent=67042"}],"wp:term":[{"taxonomy":"product_brand","embeddable":true,"href":"https:\/\/imprimeideas.es\/en\/wp-json\/wp\/v2\/product_brand?post=67042"},{"taxonomy":"product_cat","embeddable":true,"href":"https:\/\/imprimeideas.es\/en\/wp-json\/wp\/v2\/product_cat?post=67042"},{"taxonomy":"product_tag","embeddable":true,"href":"https:\/\/imprimeideas.es\/en\/wp-json\/wp\/v2\/product_tag?post=67042"}],"curies":[{"name":"wp","href":"https:\/\/api.w.org\/{rel}","templated":true}]}}