{"id":66748,"date":"2026-02-24T20:00:07","date_gmt":"2026-02-24T19:00:07","guid":{"rendered":"https:\/\/imprimeideas.es\/producto\/chaqueta-workshell-6\/"},"modified":"2026-02-24T20:00:33","modified_gmt":"2026-02-24T19:00:33","slug":"chaqueta-workshell-6","status":"publish","type":"product","link":"https:\/\/imprimeideas.es\/en\/product\/chaqueta-workshell-6\/","title":{"rendered":"CHAQUETA WORKSHELL"},"content":{"rendered":"<p>Chaqueta Workshell de manga ranglan con detalles reflectantes. Cuello alto y cierre de cremallera de nylon. Solapa protectora interior vuelta en la parte superior cubriendo la cremallera. Un bolso de pecho y dos laterales interiores con cierre de cremallera de nylon. Un bolsillo en la manga con cierre de cremallera. Pu\u00f1o ajustable con velcro. Cortes decorativos y cremalleras de cierre invertido. Cord\u00f3n el\u00e1stico con pieza ajustable en el bajo. Tejido corta vientos, repelente al agua y resistente al desgarro con membrana interior transpirable y aislante e interior de alta capacidad t\u00e9rmica. Forro de rejilla en delantero.<\/p>","protected":false},"excerpt":{"rendered":"<p>S9490 &#8211; CHAQUETA WORKSHELL<\/p>","protected":false},"featured_media":66752,"comment_status":"closed","ping_status":"open","template":"","meta":{"inline_featured_image":false},"product_brand":[],"product_cat":[2282],"product_tag":[],"class_list":{"0":"post-66748","1":"product","2":"type-product","3":"status-publish","4":"has-post-thumbnail","6":"product_cat-deportechaqueta-deporteworkshell-deporte","7":"pa_color-negro","9":"first","10":"instock","11":"purchasable","12":"product-type-variable"},"aioseo_notices":[],"_links":{"self":[{"href":"https:\/\/imprimeideas.es\/en\/wp-json\/wp\/v2\/product\/66748","targetHints":{"allow":["GET"]}}],"collection":[{"href":"https:\/\/imprimeideas.es\/en\/wp-json\/wp\/v2\/product"}],"about":[{"href":"https:\/\/imprimeideas.es\/en\/wp-json\/wp\/v2\/types\/product"}],"replies":[{"embeddable":true,"href":"https:\/\/imprimeideas.es\/en\/wp-json\/wp\/v2\/comments?post=66748"}],"version-history":[{"count":1,"href":"https:\/\/imprimeideas.es\/en\/wp-json\/wp\/v2\/product\/66748\/revisions"}],"predecessor-version":[{"id":66749,"href":"https:\/\/imprimeideas.es\/en\/wp-json\/wp\/v2\/product\/66748\/revisions\/66749"}],"wp:featuredmedia":[{"embeddable":true,"href":"https:\/\/imprimeideas.es\/en\/wp-json\/wp\/v2\/media\/66752"}],"wp:attachment":[{"href":"https:\/\/imprimeideas.es\/en\/wp-json\/wp\/v2\/media?parent=66748"}],"wp:term":[{"taxonomy":"product_brand","embeddable":true,"href":"https:\/\/imprimeideas.es\/en\/wp-json\/wp\/v2\/product_brand?post=66748"},{"taxonomy":"product_cat","embeddable":true,"href":"https:\/\/imprimeideas.es\/en\/wp-json\/wp\/v2\/product_cat?post=66748"},{"taxonomy":"product_tag","embeddable":true,"href":"https:\/\/imprimeideas.es\/en\/wp-json\/wp\/v2\/product_tag?post=66748"}],"curies":[{"name":"wp","href":"https:\/\/api.w.org\/{rel}","templated":true}]}}