{"id":65961,"date":"2026-02-24T19:31:11","date_gmt":"2026-02-24T18:31:11","guid":{"rendered":"https:\/\/imprimeideas.es\/producto\/polo-tecnico-de-manga-corta-3\/"},"modified":"2026-02-24T19:33:39","modified_gmt":"2026-02-24T18:33:39","slug":"polo-tecnico-de-manga-corta-3","status":"publish","type":"product","link":"https:\/\/imprimeideas.es\/en\/product\/polo-tecnico-de-manga-corta-3\/","title":{"rendered":"POLO TECNICO DE MANGA CORTA"},"content":{"rendered":"<p>Polo combinado de manga corta en tejido t\u00e9cnico. Cuello cl\u00e1sico con tapeta de tres corchetes. Cubre costuras en el interior del cuello, costuras reforzadas y manga rangl\u00e1n. Un bolso de pecho de ojal. Vista de bolso, cuello y pieza en el cuello a contraste. Deportivo, ligero y transpirable, de secado r\u00e1pido. Cuello en punto canal\u00e9.<\/p>","protected":false},"excerpt":{"rendered":"<p>S6530 &#8211; POLO TECNICO DE MANGA CORTA<\/p>","protected":false},"featured_media":65964,"comment_status":"closed","ping_status":"open","template":"","meta":{"inline_featured_image":false},"product_brand":[],"product_cat":[2275],"product_tag":[],"class_list":{"0":"post-65961","1":"product","2":"type-product","3":"status-publish","4":"has-post-thumbnail","6":"product_cat-deportepolo-deporte","7":"pa_color-blancoverde","8":"pa_color-celestegris","9":"pa_color-gris-claromarino","10":"pa_color-marinoazulina","11":"pa_color-negrogris-claro","12":"pa_color-rojonegro","14":"first","15":"instock","16":"purchasable","17":"product-type-variable"},"aioseo_notices":[],"_links":{"self":[{"href":"https:\/\/imprimeideas.es\/en\/wp-json\/wp\/v2\/product\/65961","targetHints":{"allow":["GET"]}}],"collection":[{"href":"https:\/\/imprimeideas.es\/en\/wp-json\/wp\/v2\/product"}],"about":[{"href":"https:\/\/imprimeideas.es\/en\/wp-json\/wp\/v2\/types\/product"}],"replies":[{"embeddable":true,"href":"https:\/\/imprimeideas.es\/en\/wp-json\/wp\/v2\/comments?post=65961"}],"version-history":[{"count":1,"href":"https:\/\/imprimeideas.es\/en\/wp-json\/wp\/v2\/product\/65961\/revisions"}],"predecessor-version":[{"id":65962,"href":"https:\/\/imprimeideas.es\/en\/wp-json\/wp\/v2\/product\/65961\/revisions\/65962"}],"wp:featuredmedia":[{"embeddable":true,"href":"https:\/\/imprimeideas.es\/en\/wp-json\/wp\/v2\/media\/65964"}],"wp:attachment":[{"href":"https:\/\/imprimeideas.es\/en\/wp-json\/wp\/v2\/media?parent=65961"}],"wp:term":[{"taxonomy":"product_brand","embeddable":true,"href":"https:\/\/imprimeideas.es\/en\/wp-json\/wp\/v2\/product_brand?post=65961"},{"taxonomy":"product_cat","embeddable":true,"href":"https:\/\/imprimeideas.es\/en\/wp-json\/wp\/v2\/product_cat?post=65961"},{"taxonomy":"product_tag","embeddable":true,"href":"https:\/\/imprimeideas.es\/en\/wp-json\/wp\/v2\/product_tag?post=65961"}],"curies":[{"name":"wp","href":"https:\/\/api.w.org\/{rel}","templated":true}]}}