{"id":65844,"date":"2026-02-24T19:26:10","date_gmt":"2026-02-24T18:26:10","guid":{"rendered":"https:\/\/imprimeideas.es\/producto\/polo-tecnico-de-manga-corta\/"},"modified":"2026-02-24T19:28:23","modified_gmt":"2026-02-24T18:28:23","slug":"polo-tecnico-de-manga-corta","status":"publish","type":"product","link":"https:\/\/imprimeideas.es\/en\/product\/polo-tecnico-de-manga-corta\/","title":{"rendered":"POLO TECNICO DE MANGA CORTA"},"content":{"rendered":"<p>Polo workdry de manga corta en micro piqu\u00e9. Cuello cl\u00e1sico con cierre de cremallera de nylon. Cubrecosturas en el interior del cuello. Un bolso de pecho de ojal. Corte decorativo en hombros y mangas. Canes\u00fa en la espalda y costuras reforzadas. Transpirable, resistente y de secado r\u00e1pido. Cuello y acabado de la manga en punto canal\u00e9.<\/p>","protected":false},"excerpt":{"rendered":"<p>S6510 &#8211; POLO TECNICO DE MANGA CORTA<\/p>","protected":false},"featured_media":65848,"comment_status":"closed","ping_status":"open","template":"","meta":{"inline_featured_image":false},"product_brand":[],"product_cat":[2275],"product_tag":[],"class_list":{"0":"post-65844","1":"product","2":"type-product","3":"status-publish","4":"has-post-thumbnail","6":"product_cat-deportepolo-deporte","7":"pa_color-blanco","8":"pa_color-celeste","9":"pa_color-marino","10":"pa_color-marron","11":"pa_color-morado","12":"pa_color-verde","14":"first","15":"instock","16":"purchasable","17":"product-type-variable"},"aioseo_notices":[],"_links":{"self":[{"href":"https:\/\/imprimeideas.es\/en\/wp-json\/wp\/v2\/product\/65844","targetHints":{"allow":["GET"]}}],"collection":[{"href":"https:\/\/imprimeideas.es\/en\/wp-json\/wp\/v2\/product"}],"about":[{"href":"https:\/\/imprimeideas.es\/en\/wp-json\/wp\/v2\/types\/product"}],"replies":[{"embeddable":true,"href":"https:\/\/imprimeideas.es\/en\/wp-json\/wp\/v2\/comments?post=65844"}],"version-history":[{"count":1,"href":"https:\/\/imprimeideas.es\/en\/wp-json\/wp\/v2\/product\/65844\/revisions"}],"predecessor-version":[{"id":65845,"href":"https:\/\/imprimeideas.es\/en\/wp-json\/wp\/v2\/product\/65844\/revisions\/65845"}],"wp:featuredmedia":[{"embeddable":true,"href":"https:\/\/imprimeideas.es\/en\/wp-json\/wp\/v2\/media\/65848"}],"wp:attachment":[{"href":"https:\/\/imprimeideas.es\/en\/wp-json\/wp\/v2\/media?parent=65844"}],"wp:term":[{"taxonomy":"product_brand","embeddable":true,"href":"https:\/\/imprimeideas.es\/en\/wp-json\/wp\/v2\/product_brand?post=65844"},{"taxonomy":"product_cat","embeddable":true,"href":"https:\/\/imprimeideas.es\/en\/wp-json\/wp\/v2\/product_cat?post=65844"},{"taxonomy":"product_tag","embeddable":true,"href":"https:\/\/imprimeideas.es\/en\/wp-json\/wp\/v2\/product_tag?post=65844"}],"curies":[{"name":"wp","href":"https:\/\/api.w.org\/{rel}","templated":true}]}}