{"id":65803,"date":"2026-02-24T19:25:21","date_gmt":"2026-02-24T18:25:21","guid":{"rendered":"https:\/\/imprimeideas.es\/producto\/polo-de-manga-larga\/"},"modified":"2026-02-24T19:26:11","modified_gmt":"2026-02-24T18:26:11","slug":"polo-de-manga-larga","status":"publish","type":"product","link":"https:\/\/imprimeideas.es\/en\/product\/polo-de-manga-larga\/","title":{"rendered":"POLO DE MANGA LARGA"},"content":{"rendered":"<p>Polo de algod\u00f3n en tejido piqu\u00e9. Manga larga y cuello cl\u00e1sico con tapeta de tres botones y cubrecosturas interior. Un bolso de pecho de plast\u00f3n abierto. Tejido fresco y poroso que permite una adecuada ventilaci\u00f3n. Cuello y pu\u00f1os el\u00e1sticos en punto canal\u00e9.<\/p>","protected":false},"excerpt":{"rendered":"<p>S6508 &#8211; POLO DE MANGA LARGA<\/p>","protected":false},"featured_media":65806,"comment_status":"closed","ping_status":"open","template":"","meta":{"inline_featured_image":false},"product_brand":[],"product_cat":[2274],"product_tag":[],"class_list":{"0":"post-65803","1":"product","2":"type-product","3":"status-publish","4":"has-post-thumbnail","6":"product_cat-industriapolo-industriahosteleriasalapolo-sala","7":"pa_color-gris-oscuro","8":"pa_color-marino","10":"first","11":"instock","12":"purchasable","13":"product-type-variable"},"aioseo_notices":[],"_links":{"self":[{"href":"https:\/\/imprimeideas.es\/en\/wp-json\/wp\/v2\/product\/65803","targetHints":{"allow":["GET"]}}],"collection":[{"href":"https:\/\/imprimeideas.es\/en\/wp-json\/wp\/v2\/product"}],"about":[{"href":"https:\/\/imprimeideas.es\/en\/wp-json\/wp\/v2\/types\/product"}],"replies":[{"embeddable":true,"href":"https:\/\/imprimeideas.es\/en\/wp-json\/wp\/v2\/comments?post=65803"}],"version-history":[{"count":1,"href":"https:\/\/imprimeideas.es\/en\/wp-json\/wp\/v2\/product\/65803\/revisions"}],"predecessor-version":[{"id":65804,"href":"https:\/\/imprimeideas.es\/en\/wp-json\/wp\/v2\/product\/65803\/revisions\/65804"}],"wp:featuredmedia":[{"embeddable":true,"href":"https:\/\/imprimeideas.es\/en\/wp-json\/wp\/v2\/media\/65806"}],"wp:attachment":[{"href":"https:\/\/imprimeideas.es\/en\/wp-json\/wp\/v2\/media?parent=65803"}],"wp:term":[{"taxonomy":"product_brand","embeddable":true,"href":"https:\/\/imprimeideas.es\/en\/wp-json\/wp\/v2\/product_brand?post=65803"},{"taxonomy":"product_cat","embeddable":true,"href":"https:\/\/imprimeideas.es\/en\/wp-json\/wp\/v2\/product_cat?post=65803"},{"taxonomy":"product_tag","embeddable":true,"href":"https:\/\/imprimeideas.es\/en\/wp-json\/wp\/v2\/product_tag?post=65803"}],"curies":[{"name":"wp","href":"https:\/\/api.w.org\/{rel}","templated":true}]}}