{"id":65582,"date":"2026-02-24T19:17:05","date_gmt":"2026-02-24T18:17:05","guid":{"rendered":"https:\/\/imprimeideas.es\/producto\/chaqueta-de-cuello-alto-2\/"},"modified":"2026-02-24T19:18:04","modified_gmt":"2026-02-24T18:18:04","slug":"chaqueta-de-cuello-alto-2","status":"publish","type":"product","link":"https:\/\/imprimeideas.es\/en\/product\/chaqueta-de-cuello-alto-2\/","title":{"rendered":"CHAQUETA DE CUELLO ALTO"},"content":{"rendered":"<p>Chaqueta de cuello alto con vista combinada en punto fino. Cierre de cremallera de nylon. Cuello, pu\u00f1os y cintura el\u00e1sticos en punto canal\u00e9.<\/p>","protected":false},"excerpt":{"rendered":"<p>S5603 &#8211; CHAQUETA DE CUELLO ALTO<\/p>","protected":false},"featured_media":65585,"comment_status":"closed","ping_status":"open","template":"","meta":{"inline_featured_image":false},"product_brand":[],"product_cat":[2257],"product_tag":[],"class_list":{"0":"post-65582","1":"product","2":"type-product","3":"status-publish","4":"has-post-thumbnail","6":"product_cat-industriajersey-industria","7":"pa_color-gris","8":"pa_color-marino","9":"pa_color-negro","11":"first","12":"instock","13":"purchasable","14":"product-type-variable"},"aioseo_notices":[],"_links":{"self":[{"href":"https:\/\/imprimeideas.es\/en\/wp-json\/wp\/v2\/product\/65582","targetHints":{"allow":["GET"]}}],"collection":[{"href":"https:\/\/imprimeideas.es\/en\/wp-json\/wp\/v2\/product"}],"about":[{"href":"https:\/\/imprimeideas.es\/en\/wp-json\/wp\/v2\/types\/product"}],"replies":[{"embeddable":true,"href":"https:\/\/imprimeideas.es\/en\/wp-json\/wp\/v2\/comments?post=65582"}],"version-history":[{"count":1,"href":"https:\/\/imprimeideas.es\/en\/wp-json\/wp\/v2\/product\/65582\/revisions"}],"predecessor-version":[{"id":65583,"href":"https:\/\/imprimeideas.es\/en\/wp-json\/wp\/v2\/product\/65582\/revisions\/65583"}],"wp:featuredmedia":[{"embeddable":true,"href":"https:\/\/imprimeideas.es\/en\/wp-json\/wp\/v2\/media\/65585"}],"wp:attachment":[{"href":"https:\/\/imprimeideas.es\/en\/wp-json\/wp\/v2\/media?parent=65582"}],"wp:term":[{"taxonomy":"product_brand","embeddable":true,"href":"https:\/\/imprimeideas.es\/en\/wp-json\/wp\/v2\/product_brand?post=65582"},{"taxonomy":"product_cat","embeddable":true,"href":"https:\/\/imprimeideas.es\/en\/wp-json\/wp\/v2\/product_cat?post=65582"},{"taxonomy":"product_tag","embeddable":true,"href":"https:\/\/imprimeideas.es\/en\/wp-json\/wp\/v2\/product_tag?post=65582"}],"curies":[{"name":"wp","href":"https:\/\/api.w.org\/{rel}","templated":true}]}}