{"id":65559,"date":"2026-02-24T19:16:07","date_gmt":"2026-02-24T18:16:07","guid":{"rendered":"https:\/\/imprimeideas.es\/producto\/jersey-de-cuello-alto-3\/"},"modified":"2026-02-24T19:17:06","modified_gmt":"2026-02-24T18:17:06","slug":"jersey-de-cuello-alto-3","status":"publish","type":"product","link":"https:\/\/imprimeideas.es\/en\/product\/jersey-de-cuello-alto-3\/","title":{"rendered":"JERSEY DE CUELLO ALTO"},"content":{"rendered":"<p>Jersey de cuello alto con vista combinada en punto fino. Cierre de media cremallera de nylon. Cuello, pu\u00f1os y cintura el\u00e1sticos en punto canal\u00e9.<\/p>","protected":false},"excerpt":{"rendered":"<p>S5601 &#8211; JERSEY DE CUELLO ALTO<\/p>","protected":false},"featured_media":65563,"comment_status":"closed","ping_status":"open","template":"","meta":{"inline_featured_image":false},"product_brand":[],"product_cat":[2257],"product_tag":[],"class_list":{"0":"post-65559","1":"product","2":"type-product","3":"status-publish","4":"has-post-thumbnail","6":"product_cat-industriajersey-industria","7":"pa_color-gris","8":"pa_color-marino","9":"pa_color-negro","11":"first","12":"instock","13":"purchasable","14":"product-type-variable"},"aioseo_notices":[],"_links":{"self":[{"href":"https:\/\/imprimeideas.es\/en\/wp-json\/wp\/v2\/product\/65559","targetHints":{"allow":["GET"]}}],"collection":[{"href":"https:\/\/imprimeideas.es\/en\/wp-json\/wp\/v2\/product"}],"about":[{"href":"https:\/\/imprimeideas.es\/en\/wp-json\/wp\/v2\/types\/product"}],"replies":[{"embeddable":true,"href":"https:\/\/imprimeideas.es\/en\/wp-json\/wp\/v2\/comments?post=65559"}],"version-history":[{"count":1,"href":"https:\/\/imprimeideas.es\/en\/wp-json\/wp\/v2\/product\/65559\/revisions"}],"predecessor-version":[{"id":65560,"href":"https:\/\/imprimeideas.es\/en\/wp-json\/wp\/v2\/product\/65559\/revisions\/65560"}],"wp:featuredmedia":[{"embeddable":true,"href":"https:\/\/imprimeideas.es\/en\/wp-json\/wp\/v2\/media\/65563"}],"wp:attachment":[{"href":"https:\/\/imprimeideas.es\/en\/wp-json\/wp\/v2\/media?parent=65559"}],"wp:term":[{"taxonomy":"product_brand","embeddable":true,"href":"https:\/\/imprimeideas.es\/en\/wp-json\/wp\/v2\/product_brand?post=65559"},{"taxonomy":"product_cat","embeddable":true,"href":"https:\/\/imprimeideas.es\/en\/wp-json\/wp\/v2\/product_cat?post=65559"},{"taxonomy":"product_tag","embeddable":true,"href":"https:\/\/imprimeideas.es\/en\/wp-json\/wp\/v2\/product_tag?post=65559"}],"curies":[{"name":"wp","href":"https:\/\/api.w.org\/{rel}","templated":true}]}}