{"id":65468,"date":"2026-02-24T19:13:44","date_gmt":"2026-02-24T18:13:44","guid":{"rendered":"https:\/\/imprimeideas.es\/producto\/sudadera-con-capucha-3\/"},"modified":"2026-02-24T19:16:07","modified_gmt":"2026-02-24T18:16:07","slug":"sudadera-con-capucha-3","status":"publish","type":"product","link":"https:\/\/imprimeideas.es\/en\/product\/sudadera-con-capucha-3\/","title":{"rendered":"SUDADERA CON CAPUCHA"},"content":{"rendered":"<p>Sudadera combinada, con capucha y cord\u00f3n ajustable. Cubrecosturas en el interior del cuello y costuras reforzadas. Un bolso central con accesos laterales. Pu\u00f1os y cintura el\u00e1sticos en punto canal\u00e9. Detalles met\u00e1licos.<\/p>","protected":false},"excerpt":{"rendered":"<p>S5570 &#8211; SUDADERA CON CAPUCHA<\/p>","protected":false},"featured_media":65471,"comment_status":"closed","ping_status":"open","template":"","meta":{"inline_featured_image":false},"product_brand":[],"product_cat":[2259],"product_tag":[],"class_list":{"0":"post-65468","1":"product","2":"type-product","3":"status-publish","4":"has-post-thumbnail","6":"product_cat-deportesudadera-deporteindustriasudadera-industria","7":"pa_color-azulceleste","8":"pa_color-granaterosa-claro","9":"pa_color-grisgris-claro","10":"pa_color-marronbeige","11":"pa_color-verde-aguaverde-agua-claro","12":"pa_color-verde-olivaverde-topo","14":"first","15":"instock","16":"purchasable","17":"product-type-variable"},"aioseo_notices":[],"_links":{"self":[{"href":"https:\/\/imprimeideas.es\/en\/wp-json\/wp\/v2\/product\/65468","targetHints":{"allow":["GET"]}}],"collection":[{"href":"https:\/\/imprimeideas.es\/en\/wp-json\/wp\/v2\/product"}],"about":[{"href":"https:\/\/imprimeideas.es\/en\/wp-json\/wp\/v2\/types\/product"}],"replies":[{"embeddable":true,"href":"https:\/\/imprimeideas.es\/en\/wp-json\/wp\/v2\/comments?post=65468"}],"version-history":[{"count":1,"href":"https:\/\/imprimeideas.es\/en\/wp-json\/wp\/v2\/product\/65468\/revisions"}],"predecessor-version":[{"id":65469,"href":"https:\/\/imprimeideas.es\/en\/wp-json\/wp\/v2\/product\/65468\/revisions\/65469"}],"wp:featuredmedia":[{"embeddable":true,"href":"https:\/\/imprimeideas.es\/en\/wp-json\/wp\/v2\/media\/65471"}],"wp:attachment":[{"href":"https:\/\/imprimeideas.es\/en\/wp-json\/wp\/v2\/media?parent=65468"}],"wp:term":[{"taxonomy":"product_brand","embeddable":true,"href":"https:\/\/imprimeideas.es\/en\/wp-json\/wp\/v2\/product_brand?post=65468"},{"taxonomy":"product_cat","embeddable":true,"href":"https:\/\/imprimeideas.es\/en\/wp-json\/wp\/v2\/product_cat?post=65468"},{"taxonomy":"product_tag","embeddable":true,"href":"https:\/\/imprimeideas.es\/en\/wp-json\/wp\/v2\/product_tag?post=65468"}],"curies":[{"name":"wp","href":"https:\/\/api.w.org\/{rel}","templated":true}]}}