{"id":65244,"date":"2026-02-24T19:05:39","date_gmt":"2026-02-24T18:05:39","guid":{"rendered":"https:\/\/imprimeideas.es\/producto\/sudadera-con-capucha\/"},"modified":"2026-02-24T19:12:54","modified_gmt":"2026-02-24T18:12:54","slug":"sudadera-con-capucha","status":"publish","type":"product","link":"https:\/\/imprimeideas.es\/en\/product\/sudadera-con-capucha\/","title":{"rendered":"SUDADERA CON CAPUCHA"},"content":{"rendered":"<p>Sudadera b\u00e1sica con capucha y cord\u00f3n ajustable. Cubrecosturas en el interior del cuello y costuras reforzadas. Un bolso central con accesos laterales. Pu\u00f1os y cintura el\u00e1sticos en punto canal\u00e9.<\/p>","protected":false},"excerpt":{"rendered":"<p>S5506 &#8211; SUDADERA CON CAPUCHA<\/p>","protected":false},"featured_media":65248,"comment_status":"closed","ping_status":"open","template":"","meta":{"inline_featured_image":false},"product_brand":[],"product_cat":[2259],"product_tag":[],"class_list":{"0":"post-65244","1":"product","2":"type-product","3":"status-publish","4":"has-post-thumbnail","6":"product_cat-deportesudadera-deporteindustriasudadera-industria","7":"pa_color-azul","8":"pa_color-blanco-natural","9":"pa_color-burdeos","10":"pa_color-celeste","11":"pa_color-granate","12":"pa_color-gris-jaspeado","13":"pa_color-gris-oscuro","14":"pa_color-marino","15":"pa_color-naranja","16":"pa_color-negro","17":"pa_color-rojo","18":"pa_color-rosa-claro","19":"pa_color-rosa-fucsia","20":"pa_color-turquesa-claro","21":"pa_color-turquesa-oscuro","22":"pa_color-verde-lima","23":"pa_color-verde-oliva","24":"pa_color-verde-oscuro","26":"first","27":"instock","28":"purchasable","29":"product-type-variable"},"aioseo_notices":[],"_links":{"self":[{"href":"https:\/\/imprimeideas.es\/en\/wp-json\/wp\/v2\/product\/65244","targetHints":{"allow":["GET"]}}],"collection":[{"href":"https:\/\/imprimeideas.es\/en\/wp-json\/wp\/v2\/product"}],"about":[{"href":"https:\/\/imprimeideas.es\/en\/wp-json\/wp\/v2\/types\/product"}],"replies":[{"embeddable":true,"href":"https:\/\/imprimeideas.es\/en\/wp-json\/wp\/v2\/comments?post=65244"}],"version-history":[{"count":1,"href":"https:\/\/imprimeideas.es\/en\/wp-json\/wp\/v2\/product\/65244\/revisions"}],"predecessor-version":[{"id":65245,"href":"https:\/\/imprimeideas.es\/en\/wp-json\/wp\/v2\/product\/65244\/revisions\/65245"}],"wp:featuredmedia":[{"embeddable":true,"href":"https:\/\/imprimeideas.es\/en\/wp-json\/wp\/v2\/media\/65248"}],"wp:attachment":[{"href":"https:\/\/imprimeideas.es\/en\/wp-json\/wp\/v2\/media?parent=65244"}],"wp:term":[{"taxonomy":"product_brand","embeddable":true,"href":"https:\/\/imprimeideas.es\/en\/wp-json\/wp\/v2\/product_brand?post=65244"},{"taxonomy":"product_cat","embeddable":true,"href":"https:\/\/imprimeideas.es\/en\/wp-json\/wp\/v2\/product_cat?post=65244"},{"taxonomy":"product_tag","embeddable":true,"href":"https:\/\/imprimeideas.es\/en\/wp-json\/wp\/v2\/product_tag?post=65244"}],"curies":[{"name":"wp","href":"https:\/\/api.w.org\/{rel}","templated":true}]}}