{"id":65156,"date":"2026-02-24T19:01:56","date_gmt":"2026-02-24T18:01:56","guid":{"rendered":"https:\/\/imprimeideas.es\/producto\/jersey-de-cuello-redondo-2\/"},"modified":"2026-02-24T19:02:20","modified_gmt":"2026-02-24T18:02:20","slug":"jersey-de-cuello-redondo-2","status":"publish","type":"product","link":"https:\/\/imprimeideas.es\/en\/product\/jersey-de-cuello-redondo-2\/","title":{"rendered":"JERSEY DE CUELLO REDONDO"},"content":{"rendered":"<p>Jersey b\u00e1sico de cuello redondo en punto fino. Cuello, pu\u00f1os y cintura el\u00e1sticos en punto canal\u00e9.<\/p>","protected":false},"excerpt":{"rendered":"<p>S5503 &#8211; JERSEY DE CUELLO REDONDO<\/p>","protected":false},"featured_media":65159,"comment_status":"closed","ping_status":"open","template":"","meta":{"inline_featured_image":false},"product_brand":[],"product_cat":[2256],"product_tag":[],"class_list":{"0":"post-65156","1":"product","2":"type-product","3":"status-publish","4":"has-post-thumbnail","6":"product_cat-hosteleriasalajersey-sala","7":"pa_color-marino","9":"first","10":"instock","11":"purchasable","12":"product-type-variable"},"aioseo_notices":[],"_links":{"self":[{"href":"https:\/\/imprimeideas.es\/en\/wp-json\/wp\/v2\/product\/65156","targetHints":{"allow":["GET"]}}],"collection":[{"href":"https:\/\/imprimeideas.es\/en\/wp-json\/wp\/v2\/product"}],"about":[{"href":"https:\/\/imprimeideas.es\/en\/wp-json\/wp\/v2\/types\/product"}],"replies":[{"embeddable":true,"href":"https:\/\/imprimeideas.es\/en\/wp-json\/wp\/v2\/comments?post=65156"}],"version-history":[{"count":1,"href":"https:\/\/imprimeideas.es\/en\/wp-json\/wp\/v2\/product\/65156\/revisions"}],"predecessor-version":[{"id":65157,"href":"https:\/\/imprimeideas.es\/en\/wp-json\/wp\/v2\/product\/65156\/revisions\/65157"}],"wp:featuredmedia":[{"embeddable":true,"href":"https:\/\/imprimeideas.es\/en\/wp-json\/wp\/v2\/media\/65159"}],"wp:attachment":[{"href":"https:\/\/imprimeideas.es\/en\/wp-json\/wp\/v2\/media?parent=65156"}],"wp:term":[{"taxonomy":"product_brand","embeddable":true,"href":"https:\/\/imprimeideas.es\/en\/wp-json\/wp\/v2\/product_brand?post=65156"},{"taxonomy":"product_cat","embeddable":true,"href":"https:\/\/imprimeideas.es\/en\/wp-json\/wp\/v2\/product_cat?post=65156"},{"taxonomy":"product_tag","embeddable":true,"href":"https:\/\/imprimeideas.es\/en\/wp-json\/wp\/v2\/product_tag?post=65156"}],"curies":[{"name":"wp","href":"https:\/\/api.w.org\/{rel}","templated":true}]}}