{"id":65037,"date":"2026-02-24T18:58:19","date_gmt":"2026-02-24T17:58:19","guid":{"rendered":"https:\/\/imprimeideas.es\/producto\/chaqueta-de-punto\/"},"modified":"2026-02-24T18:58:47","modified_gmt":"2026-02-24T17:58:47","slug":"chaqueta-de-punto","status":"publish","type":"product","link":"https:\/\/imprimeideas.es\/en\/product\/chaqueta-de-punto\/","title":{"rendered":"CHAQUETA DE PUNTO"},"content":{"rendered":"<p>Chaqueta de escote a pico en punto fino. Cierre central de cinco botones al tono. Dos bolsos de plast\u00f3n. Pu\u00f1os y cintura el\u00e1sticos en punto canal\u00e9.<\/p>","protected":false},"excerpt":{"rendered":"<p>S4503 &#8211; CHAQUETA DE PUNTO<\/p>","protected":false},"featured_media":65040,"comment_status":"closed","ping_status":"open","template":"","meta":{"inline_featured_image":false},"product_brand":[],"product_cat":[2255],"product_tag":[],"class_list":{"0":"post-65037","1":"product","2":"type-product","3":"status-publish","4":"has-post-thumbnail","6":"product_cat-hosteleriasalachaqueta-sala","7":"pa_color-marino","9":"first","10":"instock","11":"purchasable","12":"product-type-variable"},"aioseo_notices":[],"_links":{"self":[{"href":"https:\/\/imprimeideas.es\/en\/wp-json\/wp\/v2\/product\/65037","targetHints":{"allow":["GET"]}}],"collection":[{"href":"https:\/\/imprimeideas.es\/en\/wp-json\/wp\/v2\/product"}],"about":[{"href":"https:\/\/imprimeideas.es\/en\/wp-json\/wp\/v2\/types\/product"}],"replies":[{"embeddable":true,"href":"https:\/\/imprimeideas.es\/en\/wp-json\/wp\/v2\/comments?post=65037"}],"version-history":[{"count":1,"href":"https:\/\/imprimeideas.es\/en\/wp-json\/wp\/v2\/product\/65037\/revisions"}],"predecessor-version":[{"id":65038,"href":"https:\/\/imprimeideas.es\/en\/wp-json\/wp\/v2\/product\/65037\/revisions\/65038"}],"wp:featuredmedia":[{"embeddable":true,"href":"https:\/\/imprimeideas.es\/en\/wp-json\/wp\/v2\/media\/65040"}],"wp:attachment":[{"href":"https:\/\/imprimeideas.es\/en\/wp-json\/wp\/v2\/media?parent=65037"}],"wp:term":[{"taxonomy":"product_brand","embeddable":true,"href":"https:\/\/imprimeideas.es\/en\/wp-json\/wp\/v2\/product_brand?post=65037"},{"taxonomy":"product_cat","embeddable":true,"href":"https:\/\/imprimeideas.es\/en\/wp-json\/wp\/v2\/product_cat?post=65037"},{"taxonomy":"product_tag","embeddable":true,"href":"https:\/\/imprimeideas.es\/en\/wp-json\/wp\/v2\/product_tag?post=65037"}],"curies":[{"name":"wp","href":"https:\/\/api.w.org\/{rel}","templated":true}]}}