{"id":64734,"date":"2026-02-24T18:47:27","date_gmt":"2026-02-24T17:47:27","guid":{"rendered":"https:\/\/imprimeideas.es\/producto\/chaqueta-polar\/"},"modified":"2026-02-24T18:49:00","modified_gmt":"2026-02-24T17:49:00","slug":"chaqueta-polar","status":"publish","type":"product","link":"https:\/\/imprimeideas.es\/en\/product\/chaqueta-polar\/","title":{"rendered":"CHAQUETA POLAR"},"content":{"rendered":"<p>Chaqueta polar combinada con tejido de tacto melocot\u00f3n en canes\u00fas y coderas. Cuello alto ajustable y cierre de cremallera de nylon. Un bolso de pecho y dos bolsos laterales interiores con cremalleras de nylon. Ribeteado con bies. Pu\u00f1o con el\u00e1stico. Cord\u00f3n el\u00e1stico con pieza ajustable en cuello y cintura.<\/p>","protected":false},"excerpt":{"rendered":"<p>S4000 &#8211; CHAQUETA POLAR<\/p>","protected":false},"featured_media":64737,"comment_status":"closed","ping_status":"open","template":"","meta":{"inline_featured_image":false},"product_brand":[],"product_cat":[2253],"product_tag":[],"class_list":{"0":"post-64734","1":"product","2":"type-product","3":"status-publish","4":"has-post-thumbnail","6":"product_cat-industriapolar-industria","7":"pa_color-granate","8":"pa_color-marino","9":"pa_color-negro","10":"pa_color-verde-oscuro","12":"first","13":"instock","14":"purchasable","15":"product-type-variable"},"aioseo_notices":[],"_links":{"self":[{"href":"https:\/\/imprimeideas.es\/en\/wp-json\/wp\/v2\/product\/64734","targetHints":{"allow":["GET"]}}],"collection":[{"href":"https:\/\/imprimeideas.es\/en\/wp-json\/wp\/v2\/product"}],"about":[{"href":"https:\/\/imprimeideas.es\/en\/wp-json\/wp\/v2\/types\/product"}],"replies":[{"embeddable":true,"href":"https:\/\/imprimeideas.es\/en\/wp-json\/wp\/v2\/comments?post=64734"}],"version-history":[{"count":1,"href":"https:\/\/imprimeideas.es\/en\/wp-json\/wp\/v2\/product\/64734\/revisions"}],"predecessor-version":[{"id":64735,"href":"https:\/\/imprimeideas.es\/en\/wp-json\/wp\/v2\/product\/64734\/revisions\/64735"}],"wp:featuredmedia":[{"embeddable":true,"href":"https:\/\/imprimeideas.es\/en\/wp-json\/wp\/v2\/media\/64737"}],"wp:attachment":[{"href":"https:\/\/imprimeideas.es\/en\/wp-json\/wp\/v2\/media?parent=64734"}],"wp:term":[{"taxonomy":"product_brand","embeddable":true,"href":"https:\/\/imprimeideas.es\/en\/wp-json\/wp\/v2\/product_brand?post=64734"},{"taxonomy":"product_cat","embeddable":true,"href":"https:\/\/imprimeideas.es\/en\/wp-json\/wp\/v2\/product_cat?post=64734"},{"taxonomy":"product_tag","embeddable":true,"href":"https:\/\/imprimeideas.es\/en\/wp-json\/wp\/v2\/product_tag?post=64734"}],"curies":[{"name":"wp","href":"https:\/\/api.w.org\/{rel}","templated":true}]}}