{"id":64554,"date":"2026-02-24T18:41:10","date_gmt":"2026-02-24T17:41:10","guid":{"rendered":"https:\/\/imprimeideas.es\/producto\/buzo-con-refuerzos-2\/"},"modified":"2026-02-24T18:42:20","modified_gmt":"2026-02-24T17:42:20","slug":"buzo-con-refuerzos-2","status":"publish","type":"product","link":"https:\/\/imprimeideas.es\/en\/product\/buzo-con-refuerzos-2\/","title":{"rendered":"BUZO CON REFUERZOS"},"content":{"rendered":"<p>Buzo combinado con vivos a contraste. Cuello alto y cierre de cremallera de nylon de doble tirador oculta por solapa postiza. Velcro en cuello y solapa. Manga rangl\u00e1n combinada, con vivos y un bolsillo auxiliar con cierre de velcro. Pu\u00f1o con el\u00e1stico. Dos bolsos de pecho de plast\u00f3n con cartera de velcro, dos bolsos de abertura inclinada en los costados. Dos bolsos traseros de plast\u00f3n con cartera de velcro. Carteras y vistas combinadas. Rodilleras reforzadas. Cinturilla con el\u00e1stico en la espalda.<\/p>","protected":false},"excerpt":{"rendered":"<p>C4505 &#8211; BUZO CON REFUERZOS<\/p>","protected":false},"featured_media":64557,"comment_status":"closed","ping_status":"open","template":"","meta":{"inline_featured_image":false},"product_brand":[],"product_cat":[2219],"product_tag":[],"class_list":{"0":"post-64554","1":"product","2":"type-product","3":"status-publish","4":"has-post-thumbnail","6":"product_cat-industriabuzo-industriatallas-especialesbuzo-te","7":"pa_color-negroamarillo-a-v","8":"pa_color-negronaranja-a-v","10":"first","11":"instock","12":"purchasable","13":"product-type-variable"},"aioseo_notices":[],"_links":{"self":[{"href":"https:\/\/imprimeideas.es\/en\/wp-json\/wp\/v2\/product\/64554","targetHints":{"allow":["GET"]}}],"collection":[{"href":"https:\/\/imprimeideas.es\/en\/wp-json\/wp\/v2\/product"}],"about":[{"href":"https:\/\/imprimeideas.es\/en\/wp-json\/wp\/v2\/types\/product"}],"replies":[{"embeddable":true,"href":"https:\/\/imprimeideas.es\/en\/wp-json\/wp\/v2\/comments?post=64554"}],"version-history":[{"count":1,"href":"https:\/\/imprimeideas.es\/en\/wp-json\/wp\/v2\/product\/64554\/revisions"}],"predecessor-version":[{"id":64555,"href":"https:\/\/imprimeideas.es\/en\/wp-json\/wp\/v2\/product\/64554\/revisions\/64555"}],"wp:featuredmedia":[{"embeddable":true,"href":"https:\/\/imprimeideas.es\/en\/wp-json\/wp\/v2\/media\/64557"}],"wp:attachment":[{"href":"https:\/\/imprimeideas.es\/en\/wp-json\/wp\/v2\/media?parent=64554"}],"wp:term":[{"taxonomy":"product_brand","embeddable":true,"href":"https:\/\/imprimeideas.es\/en\/wp-json\/wp\/v2\/product_brand?post=64554"},{"taxonomy":"product_cat","embeddable":true,"href":"https:\/\/imprimeideas.es\/en\/wp-json\/wp\/v2\/product_cat?post=64554"},{"taxonomy":"product_tag","embeddable":true,"href":"https:\/\/imprimeideas.es\/en\/wp-json\/wp\/v2\/product_tag?post=64554"}],"curies":[{"name":"wp","href":"https:\/\/api.w.org\/{rel}","templated":true}]}}