{"id":64287,"date":"2026-02-24T18:32:02","date_gmt":"2026-02-24T17:32:02","guid":{"rendered":"https:\/\/imprimeideas.es\/producto\/pantalon-con-refuerzos-6\/"},"modified":"2026-02-24T18:32:21","modified_gmt":"2026-02-24T17:32:21","slug":"pantalon-con-refuerzos-6","status":"publish","type":"product","link":"https:\/\/imprimeideas.es\/en\/product\/pantalon-con-refuerzos-6\/","title":{"rendered":"PANTALON CON REFUERZOS"},"content":{"rendered":"<p>Pantal\u00f3n en tejido Ripstop con refuerzos. Dos bolsos de abertura inclinada en los costados con bolsillo relojero, dos bolsos laterales interiores con cierre de cremallera de metal. Dos bolsos en el refuerzo de la culera con velcro y dos bolsos interiores de plast\u00f3n. Colgadores de cinta tejida negra. Rodilleras y culera reforzadas. El\u00e1stico en los laterales de la cintura. Trabillas anchas. Argolla met\u00e1lica. Cierre de corchete y bot\u00f3n interior, bragueta de cremallera de metal.<\/p>","protected":false},"excerpt":{"rendered":"<p>C4015 &#8211; PANTALON CON REFUERZOS<\/p>","protected":false},"featured_media":64290,"comment_status":"closed","ping_status":"open","template":"","meta":{"inline_featured_image":false},"product_brand":[],"product_cat":[2216],"product_tag":[],"class_list":{"0":"post-64287","1":"product","2":"type-product","3":"status-publish","4":"has-post-thumbnail","6":"product_cat-industriapantalon-industria","7":"pa_color-negro","9":"first","10":"instock","11":"purchasable","12":"product-type-variable"},"aioseo_notices":[],"_links":{"self":[{"href":"https:\/\/imprimeideas.es\/en\/wp-json\/wp\/v2\/product\/64287","targetHints":{"allow":["GET"]}}],"collection":[{"href":"https:\/\/imprimeideas.es\/en\/wp-json\/wp\/v2\/product"}],"about":[{"href":"https:\/\/imprimeideas.es\/en\/wp-json\/wp\/v2\/types\/product"}],"replies":[{"embeddable":true,"href":"https:\/\/imprimeideas.es\/en\/wp-json\/wp\/v2\/comments?post=64287"}],"version-history":[{"count":1,"href":"https:\/\/imprimeideas.es\/en\/wp-json\/wp\/v2\/product\/64287\/revisions"}],"predecessor-version":[{"id":64288,"href":"https:\/\/imprimeideas.es\/en\/wp-json\/wp\/v2\/product\/64287\/revisions\/64288"}],"wp:featuredmedia":[{"embeddable":true,"href":"https:\/\/imprimeideas.es\/en\/wp-json\/wp\/v2\/media\/64290"}],"wp:attachment":[{"href":"https:\/\/imprimeideas.es\/en\/wp-json\/wp\/v2\/media?parent=64287"}],"wp:term":[{"taxonomy":"product_brand","embeddable":true,"href":"https:\/\/imprimeideas.es\/en\/wp-json\/wp\/v2\/product_brand?post=64287"},{"taxonomy":"product_cat","embeddable":true,"href":"https:\/\/imprimeideas.es\/en\/wp-json\/wp\/v2\/product_cat?post=64287"},{"taxonomy":"product_tag","embeddable":true,"href":"https:\/\/imprimeideas.es\/en\/wp-json\/wp\/v2\/product_tag?post=64287"}],"curies":[{"name":"wp","href":"https:\/\/api.w.org\/{rel}","templated":true}]}}