{"id":64268,"date":"2026-02-24T18:31:08","date_gmt":"2026-02-24T17:31:08","guid":{"rendered":"https:\/\/imprimeideas.es\/producto\/camisa-de-cuadros-de-mujer\/"},"modified":"2026-02-24T18:32:02","modified_gmt":"2026-02-24T17:32:02","slug":"camisa-de-cuadros-de-mujer","status":"publish","type":"product","link":"https:\/\/imprimeideas.es\/en\/product\/camisa-de-cuadros-de-mujer\/","title":{"rendered":"CAMISA DE CUADROS DE MUJER"},"content":{"rendered":"<p>Blusa de cuadros de mujer con cuello cl\u00e1sico y cierre central de botones. Manga larga con pu\u00f1o de bot\u00f3n. Canes\u00fa en la espalda.<br \/>\nCosturas reforzadas. Bajo redondeado y botones de madera.<\/p>","protected":false},"excerpt":{"rendered":"<p>B8890 &#8211; CAMISA DE CUADROS DE MUJER<\/p>","protected":false},"featured_media":64272,"comment_status":"closed","ping_status":"open","template":"","meta":{"inline_featured_image":false},"product_brand":[],"product_cat":[2235],"product_tag":[],"class_list":{"0":"post-64268","1":"product","2":"type-product","3":"status-publish","4":"has-post-thumbnail","6":"product_cat-hosteleriasalacamisa-salamujercamisa-mujer","7":"pa_color-beige","8":"pa_color-blanco-natural","10":"first","11":"instock","12":"purchasable","13":"product-type-variable"},"aioseo_notices":[],"_links":{"self":[{"href":"https:\/\/imprimeideas.es\/en\/wp-json\/wp\/v2\/product\/64268","targetHints":{"allow":["GET"]}}],"collection":[{"href":"https:\/\/imprimeideas.es\/en\/wp-json\/wp\/v2\/product"}],"about":[{"href":"https:\/\/imprimeideas.es\/en\/wp-json\/wp\/v2\/types\/product"}],"replies":[{"embeddable":true,"href":"https:\/\/imprimeideas.es\/en\/wp-json\/wp\/v2\/comments?post=64268"}],"version-history":[{"count":1,"href":"https:\/\/imprimeideas.es\/en\/wp-json\/wp\/v2\/product\/64268\/revisions"}],"predecessor-version":[{"id":64269,"href":"https:\/\/imprimeideas.es\/en\/wp-json\/wp\/v2\/product\/64268\/revisions\/64269"}],"wp:featuredmedia":[{"embeddable":true,"href":"https:\/\/imprimeideas.es\/en\/wp-json\/wp\/v2\/media\/64272"}],"wp:attachment":[{"href":"https:\/\/imprimeideas.es\/en\/wp-json\/wp\/v2\/media?parent=64268"}],"wp:term":[{"taxonomy":"product_brand","embeddable":true,"href":"https:\/\/imprimeideas.es\/en\/wp-json\/wp\/v2\/product_brand?post=64268"},{"taxonomy":"product_cat","embeddable":true,"href":"https:\/\/imprimeideas.es\/en\/wp-json\/wp\/v2\/product_cat?post=64268"},{"taxonomy":"product_tag","embeddable":true,"href":"https:\/\/imprimeideas.es\/en\/wp-json\/wp\/v2\/product_tag?post=64268"}],"curies":[{"name":"wp","href":"https:\/\/api.w.org\/{rel}","templated":true}]}}