{"id":64196,"date":"2026-02-24T18:29:46","date_gmt":"2026-02-24T17:29:46","guid":{"rendered":"https:\/\/imprimeideas.es\/producto\/camisa-vaquera-de-mujer\/"},"modified":"2026-02-24T18:30:11","modified_gmt":"2026-02-24T17:30:11","slug":"camisa-vaquera-de-mujer","status":"publish","type":"product","link":"https:\/\/imprimeideas.es\/en\/product\/camisa-vaquera-de-mujer\/","title":{"rendered":"CAMISA VAQUERA DE MUJER"},"content":{"rendered":"<p>Blusa de mujer en tejido vaquero. Cuello cl\u00e1sico y cierre central de botones. Manga larga con pu\u00f1o de bot\u00f3n. Un bolso de pecho de plast\u00f3n con cierre de ojal y bot\u00f3n. Canes\u00fa en la espalda. Costuras reforzadas en costados, sisas, hombros y mangas. Bajo redondeado y botones de madera.<\/p>","protected":false},"excerpt":{"rendered":"<p>B8690 &#8211; CAMISA VAQUERA DE MUJER<\/p>","protected":false},"featured_media":64199,"comment_status":"closed","ping_status":"open","template":"","meta":{"inline_featured_image":false},"product_brand":[],"product_cat":[2235],"product_tag":[],"class_list":{"0":"post-64196","1":"product","2":"type-product","3":"status-publish","4":"has-post-thumbnail","6":"product_cat-hosteleriasalacamisa-salamujercamisa-mujer","7":"pa_color-vaquero-claro","9":"first","10":"instock","11":"purchasable","12":"product-type-variable"},"aioseo_notices":[],"_links":{"self":[{"href":"https:\/\/imprimeideas.es\/en\/wp-json\/wp\/v2\/product\/64196","targetHints":{"allow":["GET"]}}],"collection":[{"href":"https:\/\/imprimeideas.es\/en\/wp-json\/wp\/v2\/product"}],"about":[{"href":"https:\/\/imprimeideas.es\/en\/wp-json\/wp\/v2\/types\/product"}],"replies":[{"embeddable":true,"href":"https:\/\/imprimeideas.es\/en\/wp-json\/wp\/v2\/comments?post=64196"}],"version-history":[{"count":1,"href":"https:\/\/imprimeideas.es\/en\/wp-json\/wp\/v2\/product\/64196\/revisions"}],"predecessor-version":[{"id":64197,"href":"https:\/\/imprimeideas.es\/en\/wp-json\/wp\/v2\/product\/64196\/revisions\/64197"}],"wp:featuredmedia":[{"embeddable":true,"href":"https:\/\/imprimeideas.es\/en\/wp-json\/wp\/v2\/media\/64199"}],"wp:attachment":[{"href":"https:\/\/imprimeideas.es\/en\/wp-json\/wp\/v2\/media?parent=64196"}],"wp:term":[{"taxonomy":"product_brand","embeddable":true,"href":"https:\/\/imprimeideas.es\/en\/wp-json\/wp\/v2\/product_brand?post=64196"},{"taxonomy":"product_cat","embeddable":true,"href":"https:\/\/imprimeideas.es\/en\/wp-json\/wp\/v2\/product_cat?post=64196"},{"taxonomy":"product_tag","embeddable":true,"href":"https:\/\/imprimeideas.es\/en\/wp-json\/wp\/v2\/product_tag?post=64196"}],"curies":[{"name":"wp","href":"https:\/\/api.w.org\/{rel}","templated":true}]}}