{"id":64157,"date":"2026-02-24T18:27:47","date_gmt":"2026-02-24T17:27:47","guid":{"rendered":"https:\/\/imprimeideas.es\/producto\/camisa-estilo-safari-2\/"},"modified":"2026-02-24T18:29:23","modified_gmt":"2026-02-24T17:29:23","slug":"camisa-estilo-safari-2","status":"publish","type":"product","link":"https:\/\/imprimeideas.es\/en\/product\/camisa-estilo-safari-2\/","title":{"rendered":"CAMISA ESTILO SAFARI"},"content":{"rendered":"<p>Camisa safari de manga corta con abertura trasera y rejilla interior para regular la transpiraci\u00f3n. Cuello abotonado y cierre central de botones. Dos bolsos de pecho de plast\u00f3n con cartera de velcro y bolsillos auxiliares superpuestos. Argolla de cord\u00f3n el\u00e1stico en bolso. Trabilla con velcro en el pecho. Espalda con canes\u00fa. Costuras reforzadas, bajo redondeado y botones al tono. Tejido resistente y de secado r\u00e1pido.<\/p>","protected":false},"excerpt":{"rendered":"<p>B8510 &#8211; CAMISA ESTILO SAFARI<\/p>","protected":false},"featured_media":64160,"comment_status":"closed","ping_status":"open","template":"","meta":{"inline_featured_image":false},"product_brand":[],"product_cat":[2233],"product_tag":[],"class_list":{"0":"post-64157","1":"product","2":"type-product","3":"status-publish","4":"has-post-thumbnail","6":"product_cat-industriacamisa-industria","7":"pa_color-beige","8":"pa_color-blanco","9":"pa_color-celeste","10":"pa_color-negro","12":"first","13":"instock","14":"purchasable","15":"product-type-variable"},"aioseo_notices":[],"_links":{"self":[{"href":"https:\/\/imprimeideas.es\/en\/wp-json\/wp\/v2\/product\/64157","targetHints":{"allow":["GET"]}}],"collection":[{"href":"https:\/\/imprimeideas.es\/en\/wp-json\/wp\/v2\/product"}],"about":[{"href":"https:\/\/imprimeideas.es\/en\/wp-json\/wp\/v2\/types\/product"}],"replies":[{"embeddable":true,"href":"https:\/\/imprimeideas.es\/en\/wp-json\/wp\/v2\/comments?post=64157"}],"version-history":[{"count":1,"href":"https:\/\/imprimeideas.es\/en\/wp-json\/wp\/v2\/product\/64157\/revisions"}],"predecessor-version":[{"id":64158,"href":"https:\/\/imprimeideas.es\/en\/wp-json\/wp\/v2\/product\/64157\/revisions\/64158"}],"wp:featuredmedia":[{"embeddable":true,"href":"https:\/\/imprimeideas.es\/en\/wp-json\/wp\/v2\/media\/64160"}],"wp:attachment":[{"href":"https:\/\/imprimeideas.es\/en\/wp-json\/wp\/v2\/media?parent=64157"}],"wp:term":[{"taxonomy":"product_brand","embeddable":true,"href":"https:\/\/imprimeideas.es\/en\/wp-json\/wp\/v2\/product_brand?post=64157"},{"taxonomy":"product_cat","embeddable":true,"href":"https:\/\/imprimeideas.es\/en\/wp-json\/wp\/v2\/product_cat?post=64157"},{"taxonomy":"product_tag","embeddable":true,"href":"https:\/\/imprimeideas.es\/en\/wp-json\/wp\/v2\/product_tag?post=64157"}],"curies":[{"name":"wp","href":"https:\/\/api.w.org\/{rel}","templated":true}]}}