{"id":64046,"date":"2026-02-24T18:23:52","date_gmt":"2026-02-24T17:23:52","guid":{"rendered":"https:\/\/imprimeideas.es\/producto\/camisa-estilo-safari\/"},"modified":"2026-02-24T18:27:47","modified_gmt":"2026-02-24T17:27:47","slug":"camisa-estilo-safari","status":"publish","type":"product","link":"https:\/\/imprimeideas.es\/en\/product\/camisa-estilo-safari\/","title":{"rendered":"CAMISA ESTILO SAFARI"},"content":{"rendered":"<p>Camisa safari con abertura trasera y rejilla interior para regular la transpiraci\u00f3n. Cuello abotonado y cierre central de botones. Manga larga con trabilla de bot\u00f3n interior y cord\u00f3n el\u00e1stico para ajustar la longitud y pu\u00f1o de bot\u00f3n. Dos bolsos de pecho de plast\u00f3n con cartera de velcro y bolsillos auxiliares superpuestos. Argolla de cord\u00f3n el\u00e1stico en bolso. Trabilla con velcro en el pecho. Espalda con canes\u00fa. Costuras reforzadas, bajo redondeado y botones al tono. Tejido resistente y de secado r\u00e1pido.<\/p>","protected":false},"excerpt":{"rendered":"<p>B8500 &#8211; CAMISA ESTILO SAFARI<\/p>","protected":false},"featured_media":64049,"comment_status":"closed","ping_status":"open","template":"","meta":{"inline_featured_image":false},"product_brand":[],"product_cat":[2227],"product_tag":[],"class_list":{"0":"post-64046","1":"product","2":"type-product","3":"status-publish","4":"has-post-thumbnail","6":"product_cat-industriacamisa-industriatallas-especialescamisa-te","7":"pa_color-beige","8":"pa_color-blanco","9":"pa_color-celeste","10":"pa_color-gris-claro","11":"pa_color-negro","12":"pa_color-verde-caza","13":"pa_color-verde-topo","15":"first","16":"instock","17":"purchasable","18":"product-type-variable"},"aioseo_notices":[],"_links":{"self":[{"href":"https:\/\/imprimeideas.es\/en\/wp-json\/wp\/v2\/product\/64046","targetHints":{"allow":["GET"]}}],"collection":[{"href":"https:\/\/imprimeideas.es\/en\/wp-json\/wp\/v2\/product"}],"about":[{"href":"https:\/\/imprimeideas.es\/en\/wp-json\/wp\/v2\/types\/product"}],"replies":[{"embeddable":true,"href":"https:\/\/imprimeideas.es\/en\/wp-json\/wp\/v2\/comments?post=64046"}],"version-history":[{"count":1,"href":"https:\/\/imprimeideas.es\/en\/wp-json\/wp\/v2\/product\/64046\/revisions"}],"predecessor-version":[{"id":64047,"href":"https:\/\/imprimeideas.es\/en\/wp-json\/wp\/v2\/product\/64046\/revisions\/64047"}],"wp:featuredmedia":[{"embeddable":true,"href":"https:\/\/imprimeideas.es\/en\/wp-json\/wp\/v2\/media\/64049"}],"wp:attachment":[{"href":"https:\/\/imprimeideas.es\/en\/wp-json\/wp\/v2\/media?parent=64046"}],"wp:term":[{"taxonomy":"product_brand","embeddable":true,"href":"https:\/\/imprimeideas.es\/en\/wp-json\/wp\/v2\/product_brand?post=64046"},{"taxonomy":"product_cat","embeddable":true,"href":"https:\/\/imprimeideas.es\/en\/wp-json\/wp\/v2\/product_cat?post=64046"},{"taxonomy":"product_tag","embeddable":true,"href":"https:\/\/imprimeideas.es\/en\/wp-json\/wp\/v2\/product_tag?post=64046"}],"curies":[{"name":"wp","href":"https:\/\/api.w.org\/{rel}","templated":true}]}}