{"id":64023,"date":"2026-02-24T18:22:29","date_gmt":"2026-02-24T17:22:29","guid":{"rendered":"https:\/\/imprimeideas.es\/producto\/camisa-2\/"},"modified":"2026-02-24T18:23:52","modified_gmt":"2026-02-24T17:23:52","slug":"camisa-2","status":"publish","type":"product","link":"https:\/\/imprimeideas.es\/en\/product\/camisa-2\/","title":{"rendered":"CAMISA"},"content":{"rendered":"<p>Camisa en tejido Oxford con cuello cl\u00e1sico y cierre central de botones. Manga larga con pu\u00f1o de bot\u00f3n. Espalda con canes\u00fa. Pinzas en espalda. Costuras reforzadas, bajo redondeado y botones.<\/p>","protected":false},"excerpt":{"rendered":"<p>B8410 &#8211; CAMISA<\/p>","protected":false},"featured_media":64026,"comment_status":"closed","ping_status":"open","template":"","meta":{"inline_featured_image":false},"product_brand":[],"product_cat":[2229],"product_tag":[],"class_list":{"0":"post-64023","1":"product","2":"type-product","3":"status-publish","4":"has-post-thumbnail","6":"product_cat-hosteleriasalacamisa-sala","7":"pa_color-blanco","8":"pa_color-celeste","9":"pa_color-gris-claro","11":"first","12":"instock","13":"purchasable","14":"product-type-variable"},"aioseo_notices":[],"_links":{"self":[{"href":"https:\/\/imprimeideas.es\/en\/wp-json\/wp\/v2\/product\/64023","targetHints":{"allow":["GET"]}}],"collection":[{"href":"https:\/\/imprimeideas.es\/en\/wp-json\/wp\/v2\/product"}],"about":[{"href":"https:\/\/imprimeideas.es\/en\/wp-json\/wp\/v2\/types\/product"}],"replies":[{"embeddable":true,"href":"https:\/\/imprimeideas.es\/en\/wp-json\/wp\/v2\/comments?post=64023"}],"version-history":[{"count":1,"href":"https:\/\/imprimeideas.es\/en\/wp-json\/wp\/v2\/product\/64023\/revisions"}],"predecessor-version":[{"id":64024,"href":"https:\/\/imprimeideas.es\/en\/wp-json\/wp\/v2\/product\/64023\/revisions\/64024"}],"wp:featuredmedia":[{"embeddable":true,"href":"https:\/\/imprimeideas.es\/en\/wp-json\/wp\/v2\/media\/64026"}],"wp:attachment":[{"href":"https:\/\/imprimeideas.es\/en\/wp-json\/wp\/v2\/media?parent=64023"}],"wp:term":[{"taxonomy":"product_brand","embeddable":true,"href":"https:\/\/imprimeideas.es\/en\/wp-json\/wp\/v2\/product_brand?post=64023"},{"taxonomy":"product_cat","embeddable":true,"href":"https:\/\/imprimeideas.es\/en\/wp-json\/wp\/v2\/product_cat?post=64023"},{"taxonomy":"product_tag","embeddable":true,"href":"https:\/\/imprimeideas.es\/en\/wp-json\/wp\/v2\/product_tag?post=64023"}],"curies":[{"name":"wp","href":"https:\/\/api.w.org\/{rel}","templated":true}]}}